{"id":842,"date":"2022-07-28T07:45:30","date_gmt":"2022-07-28T07:45:30","guid":{"rendered":"http:\/\/dev.joomexp.com\/wordpress\/wp-juststartit\/?post_type=product&#038;p=842"},"modified":"2025-10-03T16:40:57","modified_gmt":"2025-10-03T16:40:57","slug":"ampco","status":"publish","type":"product","link":"https:\/\/terranovasteel.ca\/wpFrench\/product\/ampco\/","title":{"rendered":"AMPCO METAL"},"content":{"rendered":"\t\t<div data-elementor-type=\"product-post\" data-elementor-id=\"842\" class=\"elementor elementor-842\" data-elementor-post-type=\"product\">\n\t\t\t\t\t\t<section class=\"elementor-section elementor-top-section elementor-element elementor-element-5d8e393 elementor-section-boxed elementor-section-height-default elementor-section-height-default\" data-id=\"5d8e393\" data-element_type=\"section\" data-e-type=\"section\">\n\t\t\t\t\t\t<div class=\"elementor-container elementor-column-gap-default\">\n\t\t\t\t\t<div class=\"elementor-column elementor-col-100 elementor-top-column elementor-element elementor-element-01debdc\" data-id=\"01debdc\" data-element_type=\"column\" data-e-type=\"column\">\n\t\t\t<div class=\"elementor-widget-wrap elementor-element-populated\">\n\t\t\t\t\t\t<div class=\"elementor-element elementor-element-2333e60 elementor-widget elementor-widget-heading\" data-id=\"2333e60\" data-element_type=\"widget\" data-e-type=\"widget\" data-widget_type=\"heading.default\">\n\t\t\t\t<div class=\"elementor-widget-container\">\n\t\t\t\t\t<h3 class=\"elementor-heading-title elementor-size-default\">Ampco Metal<\/h3>\t\t\t\t<\/div>\n\t\t\t\t<\/div>\n\t\t\t\t\t<\/div>\n\t\t<\/div>\n\t\t\t\t\t<\/div>\n\t\t<\/section>\n\t\t\t\t<section class=\"elementor-section elementor-top-section elementor-element elementor-element-d6cebd1 elementor-section-boxed elementor-section-height-default elementor-section-height-default\" data-id=\"d6cebd1\" data-element_type=\"section\" data-e-type=\"section\">\n\t\t\t\t\t\t<div class=\"elementor-container elementor-column-gap-default\">\n\t\t\t\t\t<div class=\"elementor-column elementor-col-100 elementor-top-column elementor-element elementor-element-bdbbda7\" data-id=\"bdbbda7\" data-element_type=\"column\" data-e-type=\"column\">\n\t\t\t<div class=\"elementor-widget-wrap elementor-element-populated\">\n\t\t\t\t\t\t<div class=\"elementor-element elementor-element-861a601 elementor-widget elementor-widget-text-editor\" data-id=\"861a601\" data-element_type=\"widget\" data-e-type=\"widget\" data-widget_type=\"text-editor.default\">\n\t\t\t\t<div class=\"elementor-widget-container\">\n\t\t\t\t\t\t\t\t\t<p><strong>AMPCO METAL<\/strong> fut fond\u00e9 en 1914 aux \u00c9tats-Unis comme innovateur dans l\u2019 introduction et applications d\u2019 alliages aluminium bronze. Ils ont aussi introduit sur le march\u00e9 plusieurs nouvelles techniques de processus m\u00e9tallurgique qui a fait de AMPCO METAL un chef de file pour les bronzes sp\u00e9cialis\u00e9 et les alliages de cuivre.<br \/>Depuis plus d\u2019 un si\u00e8cle AMPCO METAL a aider ses clients \u00e0 r\u00e9soudre des probl\u00e8mes techniques et des alliages sp\u00e9cialement con\u00e7ue. <br \/>Mat\u00e9riels disponible et pr\u00eat \u00e0 l\u2019 utilisation qui peut \u00eatre facilement livrer de notre entrep\u00f4t \u00e0 travers le Canada.<br \/>AMPCO METAL manufacture une grande vari\u00e9t\u00e9 de grades et conditions et distribuer \u00e0 travers le Canada par Terra Nova Steel &amp; Iron.<\/p><p>AMPCO METAL manufactures a wide range of alloys in a variety of grades and conditions and distributes them in Canada through Terra Nova Steel &amp; Iron.\u00a0<\/p>\t\t\t\t\t\t\t\t<\/div>\n\t\t\t\t<\/div>\n\t\t\t\t<div class=\"elementor-element elementor-element-e6c64b6 elementor-widget elementor-widget-text-editor\" data-id=\"e6c64b6\" data-element_type=\"widget\" data-e-type=\"widget\" data-widget_type=\"text-editor.default\">\n\t\t\t\t<div class=\"elementor-widget-container\">\n\t\t\t\t\t\t\t\t\t<p>AMPCO METAL est fi\u00e8rement utiliser dans plusieurs applications critiques<\/p>\t\t\t\t\t\t\t\t<\/div>\n\t\t\t\t<\/div>\n\t\t\t\t<section class=\"elementor-section elementor-inner-section elementor-element elementor-element-5427021 elementor-section-boxed elementor-section-height-default elementor-section-height-default\" data-id=\"5427021\" data-element_type=\"section\" data-e-type=\"section\">\n\t\t\t\t\t\t<div class=\"elementor-container elementor-column-gap-default\">\n\t\t\t\t\t<div class=\"elementor-column elementor-col-50 elementor-inner-column elementor-element elementor-element-22e99d8\" data-id=\"22e99d8\" data-element_type=\"column\" data-e-type=\"column\">\n\t\t\t<div class=\"elementor-widget-wrap elementor-element-populated\">\n\t\t\t\t\t\t<div class=\"elementor-element elementor-element-4d2df29 elementor-icon-list--layout-traditional elementor-list-item-link-full_width elementor-widget elementor-widget-icon-list\" data-id=\"4d2df29\" data-element_type=\"widget\" data-e-type=\"widget\" data-widget_type=\"icon-list.default\">\n\t\t\t\t<div class=\"elementor-widget-container\">\n\t\t\t\t\t\t\t<ul class=\"elementor-icon-list-items\">\n\t\t\t\t\t\t\t<li class=\"elementor-icon-list-item\">\n\t\t\t\t\t\t\t\t\t\t\t<span class=\"elementor-icon-list-icon\">\n\t\t\t\t\t\t\t<i aria-hidden=\"true\" class=\"fas fa-check\"><\/i>\t\t\t\t\t\t<\/span>\n\t\t\t\t\t\t\t\t\t\t<span class=\"elementor-icon-list-text\">a\u00e9rospatiale<\/span>\n\t\t\t\t\t\t\t\t\t<\/li>\n\t\t\t\t\t\t\t\t<li class=\"elementor-icon-list-item\">\n\t\t\t\t\t\t\t\t\t\t\t<span class=\"elementor-icon-list-icon\">\n\t\t\t\t\t\t\t<i aria-hidden=\"true\" class=\"fas fa-check\"><\/i>\t\t\t\t\t\t<\/span>\n\t\t\t\t\t\t\t\t\t\t<span class=\"elementor-icon-list-text\">automobile<\/span>\n\t\t\t\t\t\t\t\t\t<\/li>\n\t\t\t\t\t\t\t\t<li class=\"elementor-icon-list-item\">\n\t\t\t\t\t\t\t\t\t\t\t<span class=\"elementor-icon-list-icon\">\n\t\t\t\t\t\t\t<i aria-hidden=\"true\" class=\"fas fa-check\"><\/i>\t\t\t\t\t\t<\/span>\n\t\t\t\t\t\t\t\t\t\t<span class=\"elementor-icon-list-text\">marine<\/span>\n\t\t\t\t\t\t\t\t\t<\/li>\n\t\t\t\t\t\t\t\t<li class=\"elementor-icon-list-item\">\n\t\t\t\t\t\t\t\t\t\t\t<span class=\"elementor-icon-list-icon\">\n\t\t\t\t\t\t\t<i aria-hidden=\"true\" class=\"fas fa-check\"><\/i>\t\t\t\t\t\t<\/span>\n\t\t\t\t\t\t\t\t\t\t<span class=\"elementor-icon-list-text\">p\u00e9trole,gas et chimique<\/span>\n\t\t\t\t\t\t\t\t\t<\/li>\n\t\t\t\t\t\t<\/ul>\n\t\t\t\t\t\t<\/div>\n\t\t\t\t<\/div>\n\t\t\t\t\t<\/div>\n\t\t<\/div>\n\t\t\t\t<div class=\"elementor-column elementor-col-50 elementor-inner-column elementor-element elementor-element-a42f06c\" data-id=\"a42f06c\" data-element_type=\"column\" data-e-type=\"column\">\n\t\t\t<div class=\"elementor-widget-wrap elementor-element-populated\">\n\t\t\t\t\t\t<div class=\"elementor-element elementor-element-da4a40e elementor-icon-list--layout-traditional elementor-list-item-link-full_width elementor-widget elementor-widget-icon-list\" data-id=\"da4a40e\" data-element_type=\"widget\" data-e-type=\"widget\" data-widget_type=\"icon-list.default\">\n\t\t\t\t<div class=\"elementor-widget-container\">\n\t\t\t\t\t\t\t<ul class=\"elementor-icon-list-items\">\n\t\t\t\t\t\t\t<li class=\"elementor-icon-list-item\">\n\t\t\t\t\t\t\t\t\t\t\t<span class=\"elementor-icon-list-icon\">\n\t\t\t\t\t\t\t<i aria-hidden=\"true\" class=\"fas fa-check\"><\/i>\t\t\t\t\t\t<\/span>\n\t\t\t\t\t\t\t\t\t\t<span class=\"elementor-icon-list-text\">soudage par r\u00e9sistance<\/span>\n\t\t\t\t\t\t\t\t\t<\/li>\n\t\t\t\t\t\t\t\t<li class=\"elementor-icon-list-item\">\n\t\t\t\t\t\t\t\t\t\t\t<span class=\"elementor-icon-list-icon\">\n\t\t\t\t\t\t\t<i aria-hidden=\"true\" class=\"fas fa-check\"><\/i>\t\t\t\t\t\t<\/span>\n\t\t\t\t\t\t\t\t\t\t<span class=\"elementor-icon-list-text\">traitement de m\u00e9taux<\/span>\n\t\t\t\t\t\t\t\t\t<\/li>\n\t\t\t\t\t\t\t\t<li class=\"elementor-icon-list-item\">\n\t\t\t\t\t\t\t\t\t\t\t<span class=\"elementor-icon-list-icon\">\n\t\t\t\t\t\t\t<i aria-hidden=\"true\" class=\"fas fa-check\"><\/i>\t\t\t\t\t\t<\/span>\n\t\t\t\t\t\t\t\t\t\t<span class=\"elementor-icon-list-text\">ing\u00e9nierie g\u00e9n\u00e9rale<\/span>\n\t\t\t\t\t\t\t\t\t<\/li>\n\t\t\t\t\t\t\t\t<li class=\"elementor-icon-list-item\">\n\t\t\t\t\t\t\t\t\t\t\t<span class=\"elementor-icon-list-icon\">\n\t\t\t\t\t\t\t<i aria-hidden=\"true\" class=\"fas fa-check\"><\/i>\t\t\t\t\t\t<\/span>\n\t\t\t\t\t\t\t\t\t\t<span class=\"elementor-icon-list-text\">traitement de plastique<\/span>\n\t\t\t\t\t\t\t\t\t<\/li>\n\t\t\t\t\t\t<\/ul>\n\t\t\t\t\t\t<\/div>\n\t\t\t\t<\/div>\n\t\t\t\t\t<\/div>\n\t\t<\/div>\n\t\t\t\t\t<\/div>\n\t\t<\/section>\n\t\t\t\t<div class=\"elementor-element elementor-element-5235f5f elementor-widget elementor-widget-text-editor\" data-id=\"5235f5f\" data-element_type=\"widget\" data-e-type=\"widget\" data-widget_type=\"text-editor.default\">\n\t\t\t\t<div class=\"elementor-widget-container\">\n\t\t\t\t\t\t\t\t\t<div><span lang=\"FR-CA\">Voir et t\u00e9l\u00e9charger la brochure de AMPCO METAL <\/span><\/div><p><a href=\"https:\/\/terranovasteel.ca\/wpFrench\/wp-content\/uploads\/2023\/01\/AMPCO-Brochure.pdf\" target=\"_blank\" rel=\"noopener\">ICI<\/a><\/p>\t\t\t\t\t\t\t\t<\/div>\n\t\t\t\t<\/div>\n\t\t\t\t\t<\/div>\n\t\t<\/div>\n\t\t\t\t\t<\/div>\n\t\t<\/section>\n\t\t\t\t<section class=\"elementor-section elementor-top-section elementor-element elementor-element-0b12bf3 elementor-section-boxed elementor-section-height-default elementor-section-height-default\" data-id=\"0b12bf3\" data-element_type=\"section\" data-e-type=\"section\">\n\t\t\t\t\t\t<div class=\"elementor-container elementor-column-gap-default\">\n\t\t\t\t\t<div class=\"elementor-column elementor-col-100 elementor-top-column elementor-element elementor-element-b036f17\" data-id=\"b036f17\" data-element_type=\"column\" data-e-type=\"column\">\n\t\t\t<div class=\"elementor-widget-wrap elementor-element-populated\">\n\t\t\t\t\t\t<div class=\"elementor-element elementor-element-71b3077 elementor-widget elementor-widget-button\" data-id=\"71b3077\" data-element_type=\"widget\" data-e-type=\"widget\" data-widget_type=\"button.default\">\n\t\t\t\t<div class=\"elementor-widget-container\">\n\t\t\t\t\t\t\t\t\t<div class=\"elementor-button-wrapper\">\n\t\t\t\t\t<a class=\"elementor-button elementor-button-link elementor-size-sm\" href=\"https:\/\/terranovasteel.ca\/wpFrench\/quote\/\">\n\t\t\t\t\t\t<span class=\"elementor-button-content-wrapper\">\n\t\t\t\t\t\t\t\t\t<span class=\"elementor-button-text\">Request a Quote<\/span>\n\t\t\t\t\t<\/span>\n\t\t\t\t\t<\/a>\n\t\t\t\t<\/div>\n\t\t\t\t\t\t\t\t<\/div>\n\t\t\t\t<\/div>\n\t\t\t\t\t<\/div>\n\t\t<\/div>\n\t\t\t\t\t<\/div>\n\t\t<\/section>\n\t\t\t\t<\/div>\n\t\t","protected":false},"excerpt":{"rendered":"<p style=\"font-weight: 400;\">AMPCO METAL est un producteur de m\u00e9taux int\u00e9gr\u00e9 qui offre une grandes vari\u00e9t\u00e9s de bronzes et alliages de cuivre sp\u00e9cialit\u00e9 de haute gamme. AMPCO METAL fournit des propri\u00e9t\u00e9s exceptionnel physique et m\u00e9canique.<\/p>\n<p style=\"font-weight: 400;\">Terra Nova Steel &amp; Iron est fier d\u2019 \u00eatre le distibuteur ma\u00eetre pour le march\u00e9 Canadien pour les produits AMPCO METAL.<\/p>\n<p style=\"font-weight: 400;\">Pour en savoir plus sur AMPCO METAL visiter leur <a href=\"http:\/\/www.ampcometal.com\/\">site web.<\/a><\/p>\n<p><a href=\"https:\/\/terranovasteel.ca\/wpFrench\/product\/ampco18\/\">Ampco 18<\/a><\/p>\n<p><a href=\"https:\/\/terranovasteel.ca\/wpFrench\/product\/ampco21\/\">Ampco 21<\/a><\/p>\n<p><a href=\"https:\/\/terranovasteel.ca\/wpFrench\/product\/ampco-25-2\/\">Ampco 25<\/a><\/p>\n<p><a href=\"https:\/\/terranovasteel.ca\/wpFrench\/product\/ampco-45\/\">Ampco 45<\/a><\/p>\n<p><a href=\"https:\/\/terranovasteel.ca\/wpFrench\/product\/ampcoloy-940\/\">Ampcoloy 940<\/a><\/p>\n<p><a href=\"https:\/\/terranovasteel.ca\/wpFrench\/product\/ampcoloy-944\/\">Ampcoloy 944<\/a><\/p>\n","protected":false},"featured_media":8407,"template":"","meta":[],"product_brand":[],"product_cat":[68,109,69],"product_tag":[],"class_list":{"0":"post-842","1":"product","2":"type-product","3":"status-publish","4":"has-post-thumbnail","6":"product_cat-ampco","7":"product_cat-main","8":"product_cat-product","10":"first","11":"instock","12":"shipping-taxable","13":"product-type-simple"},"yoast_head":"<!-- This site is optimized with the Yoast SEO plugin v27.3 - https:\/\/yoast.com\/product\/yoast-seo-wordpress\/ -->\n<title>AMPCO METAL - Terra Nova Steel &amp; Iron Inc.<\/title>\n<meta name=\"description\" content=\"AMPCO METAL manufactures a wide range of alloys in a variety of grades and conditions and distributes them in Canada through Terranova Steel &amp; Iron Inc\" \/>\n<meta name=\"robots\" content=\"noindex, follow, max-snippet:-1, max-image-preview:large, max-video-preview:-1\" \/>\n<meta property=\"og:locale\" content=\"en_US\" \/>\n<meta property=\"og:type\" content=\"article\" \/>\n<meta property=\"og:title\" content=\"AMPCO METAL - Terra Nova Steel &amp; Iron Inc.\" \/>\n<meta property=\"og:description\" content=\"AMPCO METAL manufactures a wide range of alloys in a variety of grades and conditions and distributes them in Canada through Terranova Steel &amp; Iron Inc\" \/>\n<meta property=\"og:url\" content=\"https:\/\/terranovasteel.ca\/wpFrench\/product\/ampco\/\" \/>\n<meta property=\"og:site_name\" content=\"Terra Nova Steel &amp; Iron Inc.\" \/>\n<meta property=\"article:modified_time\" content=\"2025-10-03T16:40:57+00:00\" \/>\n<meta property=\"og:image\" content=\"https:\/\/terranovasteel.ca\/wpFrench\/wp-content\/uploads\/2017\/07\/Ampco_Product.png\" \/>\n\t<meta property=\"og:image:width\" content=\"1200\" \/>\n\t<meta property=\"og:image:height\" content=\"1200\" \/>\n\t<meta property=\"og:image:type\" content=\"image\/png\" \/>\n<meta name=\"twitter:card\" content=\"summary_large_image\" \/>\n<meta name=\"twitter:label1\" content=\"Est. reading time\" \/>\n\t<meta name=\"twitter:data1\" content=\"1 minute\" \/>\n<script type=\"application\/ld+json\" class=\"yoast-schema-graph\">{\"@context\":\"https:\\\/\\\/schema.org\",\"@graph\":[{\"@type\":\"WebPage\",\"@id\":\"https:\\\/\\\/terranovasteel.ca\\\/wpFrench\\\/product\\\/ampco\\\/\",\"url\":\"https:\\\/\\\/terranovasteel.ca\\\/wpFrench\\\/product\\\/ampco\\\/\",\"name\":\"AMPCO METAL - Terra Nova Steel &amp; Iron Inc.\",\"isPartOf\":{\"@id\":\"https:\\\/\\\/terranovasteel.ca\\\/wpFrench\\\/#website\"},\"primaryImageOfPage\":{\"@id\":\"https:\\\/\\\/terranovasteel.ca\\\/wpFrench\\\/product\\\/ampco\\\/#primaryimage\"},\"image\":{\"@id\":\"https:\\\/\\\/terranovasteel.ca\\\/wpFrench\\\/product\\\/ampco\\\/#primaryimage\"},\"thumbnailUrl\":\"https:\\\/\\\/terranovasteel.ca\\\/wpFrench\\\/wp-content\\\/uploads\\\/2017\\\/07\\\/Ampco_Product.png\",\"datePublished\":\"2022-07-28T07:45:30+00:00\",\"dateModified\":\"2025-10-03T16:40:57+00:00\",\"description\":\"AMPCO METAL manufactures a wide range of alloys in a variety of grades and conditions and distributes them in Canada through Terranova Steel & Iron Inc\",\"breadcrumb\":{\"@id\":\"https:\\\/\\\/terranovasteel.ca\\\/wpFrench\\\/product\\\/ampco\\\/#breadcrumb\"},\"inLanguage\":\"en-US\",\"potentialAction\":[{\"@type\":\"ReadAction\",\"target\":[\"https:\\\/\\\/terranovasteel.ca\\\/wpFrench\\\/product\\\/ampco\\\/\"]}]},{\"@type\":\"ImageObject\",\"inLanguage\":\"en-US\",\"@id\":\"https:\\\/\\\/terranovasteel.ca\\\/wpFrench\\\/product\\\/ampco\\\/#primaryimage\",\"url\":\"https:\\\/\\\/terranovasteel.ca\\\/wpFrench\\\/wp-content\\\/uploads\\\/2017\\\/07\\\/Ampco_Product.png\",\"contentUrl\":\"https:\\\/\\\/terranovasteel.ca\\\/wpFrench\\\/wp-content\\\/uploads\\\/2017\\\/07\\\/Ampco_Product.png\",\"width\":1200,\"height\":1200,\"caption\":\"AMPCO METAL\"},{\"@type\":\"BreadcrumbList\",\"@id\":\"https:\\\/\\\/terranovasteel.ca\\\/wpFrench\\\/product\\\/ampco\\\/#breadcrumb\",\"itemListElement\":[{\"@type\":\"ListItem\",\"position\":1,\"name\":\"Home\",\"item\":\"https:\\\/\\\/terranovasteel.ca\\\/wpFrench\\\/\"},{\"@type\":\"ListItem\",\"position\":2,\"name\":\"ZZ_Shop\",\"item\":\"https:\\\/\\\/terranovasteel.ca\\\/wpFrench\\\/shop\\\/\"},{\"@type\":\"ListItem\",\"position\":3,\"name\":\"AMPCO METAL\"}]},{\"@type\":\"WebSite\",\"@id\":\"https:\\\/\\\/terranovasteel.ca\\\/wpFrench\\\/#website\",\"url\":\"https:\\\/\\\/terranovasteel.ca\\\/wpFrench\\\/\",\"name\":\"Terra Nova Steel &amp; Iron Inc.\",\"description\":\"35 years supplying Canada with premium continuous cast iron bar and ductile iron bar\",\"publisher\":{\"@id\":\"https:\\\/\\\/terranovasteel.ca\\\/wpFrench\\\/#organization\"},\"potentialAction\":[{\"@type\":\"SearchAction\",\"target\":{\"@type\":\"EntryPoint\",\"urlTemplate\":\"https:\\\/\\\/terranovasteel.ca\\\/wpFrench\\\/?s={search_term_string}\"},\"query-input\":{\"@type\":\"PropertyValueSpecification\",\"valueRequired\":true,\"valueName\":\"search_term_string\"}}],\"inLanguage\":\"en-US\"},{\"@type\":\"Organization\",\"@id\":\"https:\\\/\\\/terranovasteel.ca\\\/wpFrench\\\/#organization\",\"name\":\"Terra Nova Steel & Iron\",\"url\":\"https:\\\/\\\/terranovasteel.ca\\\/wpFrench\\\/\",\"logo\":{\"@type\":\"ImageObject\",\"inLanguage\":\"en-US\",\"@id\":\"https:\\\/\\\/terranovasteel.ca\\\/wpFrench\\\/#\\\/schema\\\/logo\\\/image\\\/\",\"url\":\"https:\\\/\\\/terranovasteel.ca\\\/wpFrench\\\/wp-content\\\/uploads\\\/2018\\\/02\\\/Headaer-Logo-1.png\",\"contentUrl\":\"https:\\\/\\\/terranovasteel.ca\\\/wpFrench\\\/wp-content\\\/uploads\\\/2018\\\/02\\\/Headaer-Logo-1.png\",\"width\":2092,\"height\":411,\"caption\":\"Terra Nova Steel & Iron\"},\"image\":{\"@id\":\"https:\\\/\\\/terranovasteel.ca\\\/wpFrench\\\/#\\\/schema\\\/logo\\\/image\\\/\"},\"sameAs\":[\"https:\\\/\\\/www.linkedin.com\\\/company\\\/terra-nova-steel-iron-ontario-inc\\\/\"]}]}<\/script>\n<!-- \/ Yoast SEO plugin. -->","yoast_head_json":{"title":"AMPCO METAL - Terra Nova Steel &amp; Iron Inc.","description":"AMPCO METAL manufactures a wide range of alloys in a variety of grades and conditions and distributes them in Canada through Terranova Steel & Iron Inc","robots":{"index":"noindex","follow":"follow","max-snippet":"max-snippet:-1","max-image-preview":"max-image-preview:large","max-video-preview":"max-video-preview:-1"},"og_locale":"en_US","og_type":"article","og_title":"AMPCO METAL - Terra Nova Steel &amp; Iron Inc.","og_description":"AMPCO METAL manufactures a wide range of alloys in a variety of grades and conditions and distributes them in Canada through Terranova Steel & Iron Inc","og_url":"https:\/\/terranovasteel.ca\/wpFrench\/product\/ampco\/","og_site_name":"Terra Nova Steel &amp; Iron Inc.","article_modified_time":"2025-10-03T16:40:57+00:00","og_image":[{"width":1200,"height":1200,"url":"https:\/\/terranovasteel.ca\/wpFrench\/wp-content\/uploads\/2017\/07\/Ampco_Product.png","type":"image\/png"}],"twitter_card":"summary_large_image","twitter_misc":{"Est. reading time":"1 minute"},"schema":{"@context":"https:\/\/schema.org","@graph":[{"@type":"WebPage","@id":"https:\/\/terranovasteel.ca\/wpFrench\/product\/ampco\/","url":"https:\/\/terranovasteel.ca\/wpFrench\/product\/ampco\/","name":"AMPCO METAL - Terra Nova Steel &amp; Iron Inc.","isPartOf":{"@id":"https:\/\/terranovasteel.ca\/wpFrench\/#website"},"primaryImageOfPage":{"@id":"https:\/\/terranovasteel.ca\/wpFrench\/product\/ampco\/#primaryimage"},"image":{"@id":"https:\/\/terranovasteel.ca\/wpFrench\/product\/ampco\/#primaryimage"},"thumbnailUrl":"https:\/\/terranovasteel.ca\/wpFrench\/wp-content\/uploads\/2017\/07\/Ampco_Product.png","datePublished":"2022-07-28T07:45:30+00:00","dateModified":"2025-10-03T16:40:57+00:00","description":"AMPCO METAL manufactures a wide range of alloys in a variety of grades and conditions and distributes them in Canada through Terranova Steel & Iron Inc","breadcrumb":{"@id":"https:\/\/terranovasteel.ca\/wpFrench\/product\/ampco\/#breadcrumb"},"inLanguage":"en-US","potentialAction":[{"@type":"ReadAction","target":["https:\/\/terranovasteel.ca\/wpFrench\/product\/ampco\/"]}]},{"@type":"ImageObject","inLanguage":"en-US","@id":"https:\/\/terranovasteel.ca\/wpFrench\/product\/ampco\/#primaryimage","url":"https:\/\/terranovasteel.ca\/wpFrench\/wp-content\/uploads\/2017\/07\/Ampco_Product.png","contentUrl":"https:\/\/terranovasteel.ca\/wpFrench\/wp-content\/uploads\/2017\/07\/Ampco_Product.png","width":1200,"height":1200,"caption":"AMPCO METAL"},{"@type":"BreadcrumbList","@id":"https:\/\/terranovasteel.ca\/wpFrench\/product\/ampco\/#breadcrumb","itemListElement":[{"@type":"ListItem","position":1,"name":"Home","item":"https:\/\/terranovasteel.ca\/wpFrench\/"},{"@type":"ListItem","position":2,"name":"ZZ_Shop","item":"https:\/\/terranovasteel.ca\/wpFrench\/shop\/"},{"@type":"ListItem","position":3,"name":"AMPCO METAL"}]},{"@type":"WebSite","@id":"https:\/\/terranovasteel.ca\/wpFrench\/#website","url":"https:\/\/terranovasteel.ca\/wpFrench\/","name":"Terra Nova Steel &amp; Iron Inc.","description":"35 years supplying Canada with premium continuous cast iron bar and ductile iron bar","publisher":{"@id":"https:\/\/terranovasteel.ca\/wpFrench\/#organization"},"potentialAction":[{"@type":"SearchAction","target":{"@type":"EntryPoint","urlTemplate":"https:\/\/terranovasteel.ca\/wpFrench\/?s={search_term_string}"},"query-input":{"@type":"PropertyValueSpecification","valueRequired":true,"valueName":"search_term_string"}}],"inLanguage":"en-US"},{"@type":"Organization","@id":"https:\/\/terranovasteel.ca\/wpFrench\/#organization","name":"Terra Nova Steel & Iron","url":"https:\/\/terranovasteel.ca\/wpFrench\/","logo":{"@type":"ImageObject","inLanguage":"en-US","@id":"https:\/\/terranovasteel.ca\/wpFrench\/#\/schema\/logo\/image\/","url":"https:\/\/terranovasteel.ca\/wpFrench\/wp-content\/uploads\/2018\/02\/Headaer-Logo-1.png","contentUrl":"https:\/\/terranovasteel.ca\/wpFrench\/wp-content\/uploads\/2018\/02\/Headaer-Logo-1.png","width":2092,"height":411,"caption":"Terra Nova Steel & Iron"},"image":{"@id":"https:\/\/terranovasteel.ca\/wpFrench\/#\/schema\/logo\/image\/"},"sameAs":["https:\/\/www.linkedin.com\/company\/terra-nova-steel-iron-ontario-inc\/"]}]}},"_links":{"self":[{"href":"https:\/\/terranovasteel.ca\/wpFrench\/wp-json\/wp\/v2\/product\/842","targetHints":{"allow":["GET"]}}],"collection":[{"href":"https:\/\/terranovasteel.ca\/wpFrench\/wp-json\/wp\/v2\/product"}],"about":[{"href":"https:\/\/terranovasteel.ca\/wpFrench\/wp-json\/wp\/v2\/types\/product"}],"version-history":[{"count":1,"href":"https:\/\/terranovasteel.ca\/wpFrench\/wp-json\/wp\/v2\/product\/842\/revisions"}],"predecessor-version":[{"id":8408,"href":"https:\/\/terranovasteel.ca\/wpFrench\/wp-json\/wp\/v2\/product\/842\/revisions\/8408"}],"wp:featuredmedia":[{"embeddable":true,"href":"https:\/\/terranovasteel.ca\/wpFrench\/wp-json\/wp\/v2\/media\/8407"}],"wp:attachment":[{"href":"https:\/\/terranovasteel.ca\/wpFrench\/wp-json\/wp\/v2\/media?parent=842"}],"wp:term":[{"taxonomy":"product_brand","embeddable":true,"href":"https:\/\/terranovasteel.ca\/wpFrench\/wp-json\/wp\/v2\/product_brand?post=842"},{"taxonomy":"product_cat","embeddable":true,"href":"https:\/\/terranovasteel.ca\/wpFrench\/wp-json\/wp\/v2\/product_cat?post=842"},{"taxonomy":"product_tag","embeddable":true,"href":"https:\/\/terranovasteel.ca\/wpFrench\/wp-json\/wp\/v2\/product_tag?post=842"}],"curies":[{"name":"wp","href":"https:\/\/api.w.org\/{rel}","templated":true}]}}