{"id":8412,"date":"2025-10-03T16:48:23","date_gmt":"2025-10-03T16:48:23","guid":{"rendered":"https:\/\/terranovasteel.ca\/wpFrench\/?post_type=product&#038;p=8412"},"modified":"2025-10-03T17:04:24","modified_gmt":"2025-10-03T17:04:24","slug":"lebronze","status":"publish","type":"product","link":"https:\/\/terranovasteel.ca\/wpFrench\/product\/lebronze\/","title":{"rendered":"LeBronze"},"content":{"rendered":"\t\t<div data-elementor-type=\"wp-post\" data-elementor-id=\"8412\" class=\"elementor elementor-8412\" data-elementor-post-type=\"product\">\n\t\t\t\t\t\t<section class=\"elementor-section elementor-top-section elementor-element elementor-element-1fd94c3 elementor-section-boxed elementor-section-height-default elementor-section-height-default\" data-id=\"1fd94c3\" data-element_type=\"section\" data-e-type=\"section\">\n\t\t\t\t\t\t<div class=\"elementor-container elementor-column-gap-default\">\n\t\t\t\t\t<div class=\"elementor-column elementor-col-100 elementor-top-column elementor-element elementor-element-9ca28f4\" data-id=\"9ca28f4\" data-element_type=\"column\" data-e-type=\"column\">\n\t\t\t<div class=\"elementor-widget-wrap elementor-element-populated\">\n\t\t\t\t\t\t<div class=\"elementor-element elementor-element-e858ca7 elementor-widget elementor-widget-text-editor\" data-id=\"e858ca7\" data-element_type=\"widget\" data-e-type=\"widget\" data-widget_type=\"text-editor.default\">\n\t\t\t\t<div class=\"elementor-widget-container\">\n\t\t\t\t\t\t\t\t\t<p style=\"font-weight: 400;\">Lebronze Alloys offre plus de 200 alliages \u00e0 base de cuivre et de nickel aux propri\u00e9t\u00e9s uniques r\u00e9pondant aux exigences les plus complexes.<\/p><p>L&#8217;une des principales forces du Groupe r\u00e9side dans son processus de production enti\u00e8rement int\u00e9gr\u00e9, de la fusion \u00e0 l&#8217;usinage et au recyclage. Cette particularit\u00e9 garantit une tra\u00e7abilit\u00e9, une optimisation et un contr\u00f4le strict des propri\u00e9t\u00e9s finales de nos mat\u00e9riaux afin qu&#8217;ils r\u00e9pondent aux exigences les plus strictes.<br \/>Lebronze alloys d\u00e9veloppe pour toutes ses activit\u00e9s un syst\u00e8me de gestion de la qualit\u00e9 officiellement reconnu qui permet de :<br \/>\u2022 garantir la tra\u00e7abilit\u00e9 de nos produits, de la mati\u00e8re premi\u00e8re au produit livr\u00e9<br \/>\u2022 certifier nos propri\u00e9t\u00e9s de produits<br \/>\u2022 contr\u00f4ler nos d\u00e9lais de livraison<br \/><br \/><\/p>\t\t\t\t\t\t\t\t<\/div>\n\t\t\t\t<\/div>\n\t\t\t\t<section class=\"elementor-section elementor-inner-section elementor-element elementor-element-99142fe elementor-section-boxed elementor-section-height-default elementor-section-height-default\" data-id=\"99142fe\" data-element_type=\"section\" data-e-type=\"section\">\n\t\t\t\t\t\t<div class=\"elementor-container elementor-column-gap-default\">\n\t\t\t\t\t<div class=\"elementor-column elementor-col-50 elementor-inner-column elementor-element elementor-element-6bc0038\" data-id=\"6bc0038\" data-element_type=\"column\" data-e-type=\"column\">\n\t\t\t<div class=\"elementor-widget-wrap elementor-element-populated\">\n\t\t\t\t\t\t<div class=\"elementor-element elementor-element-c65b045 elementor-widget elementor-widget-text-editor\" data-id=\"c65b045\" data-element_type=\"widget\" data-e-type=\"widget\" data-widget_type=\"text-editor.default\">\n\t\t\t\t<div class=\"elementor-widget-container\">\n\t\t\t\t\t\t\t\t\t<p>LeBronze est le fabricant de barres et tubes Hardial\u00ae \u2013 alliages spinodaux de cuivre-nickel \u00e0 haute r\u00e9sistance<\/p>\t\t\t\t\t\t\t\t<\/div>\n\t\t\t\t<\/div>\n\t\t\t\t\t<\/div>\n\t\t<\/div>\n\t\t\t\t<div class=\"elementor-column elementor-col-50 elementor-inner-column elementor-element elementor-element-13a16b9\" data-id=\"13a16b9\" data-element_type=\"column\" data-e-type=\"column\">\n\t\t\t<div class=\"elementor-widget-wrap elementor-element-populated\">\n\t\t\t\t\t\t<div class=\"elementor-element elementor-element-1063dd7 elementor-widget elementor-widget-image\" data-id=\"1063dd7\" data-element_type=\"widget\" data-e-type=\"widget\" data-widget_type=\"image.default\">\n\t\t\t\t<div class=\"elementor-widget-container\">\n\t\t\t\t\t\t\t\t\t\t\t\t\t\t\t<img decoding=\"async\" width=\"300\" height=\"146\" src=\"https:\/\/terranovasteel.ca\/wpFrench\/wp-content\/uploads\/2025\/10\/Lebronze-300x146.png\" class=\"attachment-medium size-medium wp-image-8421\" alt=\"LeBronze Alloys\" srcset=\"https:\/\/terranovasteel.ca\/wpFrench\/wp-content\/uploads\/2025\/10\/Lebronze-300x146.png 300w, https:\/\/terranovasteel.ca\/wpFrench\/wp-content\/uploads\/2025\/10\/Lebronze-1024x497.png 1024w, https:\/\/terranovasteel.ca\/wpFrench\/wp-content\/uploads\/2025\/10\/Lebronze-768x373.png 768w, https:\/\/terranovasteel.ca\/wpFrench\/wp-content\/uploads\/2025\/10\/Lebronze-624x303.png 624w, https:\/\/terranovasteel.ca\/wpFrench\/wp-content\/uploads\/2025\/10\/Lebronze-370x180.png 370w, https:\/\/terranovasteel.ca\/wpFrench\/wp-content\/uploads\/2025\/10\/Lebronze.png 1534w\" sizes=\"(max-width: 300px) 100vw, 300px\" \/>\t\t\t\t\t\t\t\t\t\t\t\t\t\t\t<\/div>\n\t\t\t\t<\/div>\n\t\t\t\t\t<\/div>\n\t\t<\/div>\n\t\t\t\t\t<\/div>\n\t\t<\/section>\n\t\t\t\t<div class=\"elementor-element elementor-element-e4628b9 elementor-widget elementor-widget-spacer\" data-id=\"e4628b9\" data-element_type=\"widget\" data-e-type=\"widget\" data-widget_type=\"spacer.default\">\n\t\t\t\t<div class=\"elementor-widget-container\">\n\t\t\t\t\t\t\t<div class=\"elementor-spacer\">\n\t\t\t<div class=\"elementor-spacer-inner\"><\/div>\n\t\t<\/div>\n\t\t\t\t\t\t<\/div>\n\t\t\t\t<\/div>\n\t\t\t\t<div class=\"elementor-element elementor-element-39ebba7 elementor-widget elementor-widget-spacer\" data-id=\"39ebba7\" data-element_type=\"widget\" data-e-type=\"widget\" data-widget_type=\"spacer.default\">\n\t\t\t\t<div class=\"elementor-widget-container\">\n\t\t\t\t\t\t\t<div class=\"elementor-spacer\">\n\t\t\t<div class=\"elementor-spacer-inner\"><\/div>\n\t\t<\/div>\n\t\t\t\t\t\t<\/div>\n\t\t\t\t<\/div>\n\t\t\t\t\t<\/div>\n\t\t<\/div>\n\t\t\t\t\t<\/div>\n\t\t<\/section>\n\t\t\t\t<\/div>\n\t\t","protected":false},"excerpt":{"rendered":"<p style=\"font-weight: 400;\">Terra Nova Steel &amp; Iron est fier d&#8217;\u00eatre un Distributeur Canadien d&#8217;alliages LeBronze.<br \/>\nLebronze Alloys est un chef de file mondial dans le d\u00e9veloppement et la production pleinement int\u00e9gr\u00e9e d&#8217;alliages de cuivre et de nickel haute performance. Gr\u00e2ce \u00e0 un savoir-faire multidisciplinaire, le Groupe offre des solutions innovantes \u00e0 toutes les grandes industries telles que l&#8217;a\u00e9ronautique, l&#8217;\u00e9lectronique, l&#8217;espace, l&#8217;automobile, l&#8217;\u00e9nergie, entre autres.<br \/>\nNos 6 installations de production et 730 employ\u00e9s g\u00e8rent une gamme unique de technologies de traitement des m\u00e9taux : moulage continu et semi-continu, extrusion, laminage \u00e0 chaud et \u00e0 froid, \u00e9tirage, forgeage \u00e0 puces ouvertes, estampage \u00e0 chaud, forgeage ferm\u00e9, formage \u00e0 froid, usinage, essais non destructifs, etc. L&#8217;engagement du Groupe est de trouver des solutions appropri\u00e9es et optimis\u00e9es pour r\u00e9pondre aux besoins permanents du secteur tout en optimisant l&#8217;impact environnemental de nos produits.<\/p>\n","protected":false},"featured_media":8414,"template":"","meta":[],"product_brand":[],"product_cat":[99,71,109,69],"product_tag":[],"class_list":{"0":"post-8412","1":"product","2":"type-product","3":"status-publish","4":"has-post-thumbnail","6":"product_cat-ductile-iron-bar","7":"product_cat-dura-bar","8":"product_cat-main","9":"product_cat-product","11":"first","12":"instock","13":"shipping-taxable","14":"product-type-grouped"},"yoast_head":"<!-- This site is optimized with the Yoast SEO plugin v27.3 - https:\/\/yoast.com\/product\/yoast-seo-wordpress\/ -->\n<title>LeBronze - Terra Nova Steel &amp; Iron Inc.<\/title>\n<meta name=\"description\" content=\"Dura-Bar continuous cast ductile iron bar is engineered to excel during machining and to consistently outperform alternative materials.\" \/>\n<meta name=\"robots\" content=\"noindex, follow, max-snippet:-1, max-image-preview:large, max-video-preview:-1\" \/>\n<meta property=\"og:locale\" content=\"en_US\" \/>\n<meta property=\"og:type\" content=\"article\" \/>\n<meta property=\"og:title\" content=\"LeBronze - Terra Nova Steel &amp; Iron Inc.\" \/>\n<meta property=\"og:description\" content=\"Dura-Bar continuous cast ductile iron bar is engineered to excel during machining and to consistently outperform alternative materials.\" \/>\n<meta property=\"og:url\" content=\"https:\/\/terranovasteel.ca\/wpFrench\/product\/lebronze\/\" \/>\n<meta property=\"og:site_name\" content=\"Terra Nova Steel &amp; Iron Inc.\" \/>\n<meta property=\"article:modified_time\" content=\"2025-10-03T17:04:24+00:00\" \/>\n<meta property=\"og:image\" content=\"https:\/\/terranovasteel.ca\/wpFrench\/wp-content\/uploads\/2025\/10\/LeBronze.jpg\" \/>\n\t<meta property=\"og:image:width\" content=\"1177\" \/>\n\t<meta property=\"og:image:height\" content=\"1177\" \/>\n\t<meta property=\"og:image:type\" content=\"image\/jpeg\" \/>\n<meta name=\"twitter:card\" content=\"summary_large_image\" \/>\n<meta name=\"twitter:label1\" content=\"Est. reading time\" \/>\n\t<meta name=\"twitter:data1\" content=\"1 minute\" \/>\n<script type=\"application\/ld+json\" class=\"yoast-schema-graph\">{\"@context\":\"https:\\\/\\\/schema.org\",\"@graph\":[{\"@type\":\"WebPage\",\"@id\":\"https:\\\/\\\/terranovasteel.ca\\\/wpFrench\\\/product\\\/lebronze\\\/\",\"url\":\"https:\\\/\\\/terranovasteel.ca\\\/wpFrench\\\/product\\\/lebronze\\\/\",\"name\":\"LeBronze - Terra Nova Steel &amp; Iron Inc.\",\"isPartOf\":{\"@id\":\"https:\\\/\\\/terranovasteel.ca\\\/wpFrench\\\/#website\"},\"primaryImageOfPage\":{\"@id\":\"https:\\\/\\\/terranovasteel.ca\\\/wpFrench\\\/product\\\/lebronze\\\/#primaryimage\"},\"image\":{\"@id\":\"https:\\\/\\\/terranovasteel.ca\\\/wpFrench\\\/product\\\/lebronze\\\/#primaryimage\"},\"thumbnailUrl\":\"https:\\\/\\\/terranovasteel.ca\\\/wpFrench\\\/wp-content\\\/uploads\\\/2025\\\/10\\\/LeBronze.jpg\",\"datePublished\":\"2025-10-03T16:48:23+00:00\",\"dateModified\":\"2025-10-03T17:04:24+00:00\",\"description\":\"Dura-Bar continuous cast ductile iron bar is engineered to excel during machining and to consistently outperform alternative materials.\",\"breadcrumb\":{\"@id\":\"https:\\\/\\\/terranovasteel.ca\\\/wpFrench\\\/product\\\/lebronze\\\/#breadcrumb\"},\"inLanguage\":\"en-US\",\"potentialAction\":[{\"@type\":\"ReadAction\",\"target\":[\"https:\\\/\\\/terranovasteel.ca\\\/wpFrench\\\/product\\\/lebronze\\\/\"]}]},{\"@type\":\"ImageObject\",\"inLanguage\":\"en-US\",\"@id\":\"https:\\\/\\\/terranovasteel.ca\\\/wpFrench\\\/product\\\/lebronze\\\/#primaryimage\",\"url\":\"https:\\\/\\\/terranovasteel.ca\\\/wpFrench\\\/wp-content\\\/uploads\\\/2025\\\/10\\\/LeBronze.jpg\",\"contentUrl\":\"https:\\\/\\\/terranovasteel.ca\\\/wpFrench\\\/wp-content\\\/uploads\\\/2025\\\/10\\\/LeBronze.jpg\",\"width\":1177,\"height\":1177,\"caption\":\"LeBronze Alloys\"},{\"@type\":\"BreadcrumbList\",\"@id\":\"https:\\\/\\\/terranovasteel.ca\\\/wpFrench\\\/product\\\/lebronze\\\/#breadcrumb\",\"itemListElement\":[{\"@type\":\"ListItem\",\"position\":1,\"name\":\"Home\",\"item\":\"https:\\\/\\\/terranovasteel.ca\\\/wpFrench\\\/\"},{\"@type\":\"ListItem\",\"position\":2,\"name\":\"ZZ_Shop\",\"item\":\"https:\\\/\\\/terranovasteel.ca\\\/wpFrench\\\/shop\\\/\"},{\"@type\":\"ListItem\",\"position\":3,\"name\":\"LeBronze\"}]},{\"@type\":\"WebSite\",\"@id\":\"https:\\\/\\\/terranovasteel.ca\\\/wpFrench\\\/#website\",\"url\":\"https:\\\/\\\/terranovasteel.ca\\\/wpFrench\\\/\",\"name\":\"Terra Nova Steel &amp; Iron Inc.\",\"description\":\"35 years supplying Canada with premium continuous cast iron bar and ductile iron bar\",\"publisher\":{\"@id\":\"https:\\\/\\\/terranovasteel.ca\\\/wpFrench\\\/#organization\"},\"potentialAction\":[{\"@type\":\"SearchAction\",\"target\":{\"@type\":\"EntryPoint\",\"urlTemplate\":\"https:\\\/\\\/terranovasteel.ca\\\/wpFrench\\\/?s={search_term_string}\"},\"query-input\":{\"@type\":\"PropertyValueSpecification\",\"valueRequired\":true,\"valueName\":\"search_term_string\"}}],\"inLanguage\":\"en-US\"},{\"@type\":\"Organization\",\"@id\":\"https:\\\/\\\/terranovasteel.ca\\\/wpFrench\\\/#organization\",\"name\":\"Terra Nova Steel & Iron\",\"url\":\"https:\\\/\\\/terranovasteel.ca\\\/wpFrench\\\/\",\"logo\":{\"@type\":\"ImageObject\",\"inLanguage\":\"en-US\",\"@id\":\"https:\\\/\\\/terranovasteel.ca\\\/wpFrench\\\/#\\\/schema\\\/logo\\\/image\\\/\",\"url\":\"https:\\\/\\\/terranovasteel.ca\\\/wpFrench\\\/wp-content\\\/uploads\\\/2018\\\/02\\\/Headaer-Logo-1.png\",\"contentUrl\":\"https:\\\/\\\/terranovasteel.ca\\\/wpFrench\\\/wp-content\\\/uploads\\\/2018\\\/02\\\/Headaer-Logo-1.png\",\"width\":2092,\"height\":411,\"caption\":\"Terra Nova Steel & Iron\"},\"image\":{\"@id\":\"https:\\\/\\\/terranovasteel.ca\\\/wpFrench\\\/#\\\/schema\\\/logo\\\/image\\\/\"},\"sameAs\":[\"https:\\\/\\\/www.linkedin.com\\\/company\\\/terra-nova-steel-iron-ontario-inc\\\/\"]}]}<\/script>\n<!-- \/ Yoast SEO plugin. -->","yoast_head_json":{"title":"LeBronze - Terra Nova Steel &amp; Iron Inc.","description":"Dura-Bar continuous cast ductile iron bar is engineered to excel during machining and to consistently outperform alternative materials.","robots":{"index":"noindex","follow":"follow","max-snippet":"max-snippet:-1","max-image-preview":"max-image-preview:large","max-video-preview":"max-video-preview:-1"},"og_locale":"en_US","og_type":"article","og_title":"LeBronze - Terra Nova Steel &amp; Iron Inc.","og_description":"Dura-Bar continuous cast ductile iron bar is engineered to excel during machining and to consistently outperform alternative materials.","og_url":"https:\/\/terranovasteel.ca\/wpFrench\/product\/lebronze\/","og_site_name":"Terra Nova Steel &amp; Iron Inc.","article_modified_time":"2025-10-03T17:04:24+00:00","og_image":[{"width":1177,"height":1177,"url":"https:\/\/terranovasteel.ca\/wpFrench\/wp-content\/uploads\/2025\/10\/LeBronze.jpg","type":"image\/jpeg"}],"twitter_card":"summary_large_image","twitter_misc":{"Est. reading time":"1 minute"},"schema":{"@context":"https:\/\/schema.org","@graph":[{"@type":"WebPage","@id":"https:\/\/terranovasteel.ca\/wpFrench\/product\/lebronze\/","url":"https:\/\/terranovasteel.ca\/wpFrench\/product\/lebronze\/","name":"LeBronze - Terra Nova Steel &amp; Iron Inc.","isPartOf":{"@id":"https:\/\/terranovasteel.ca\/wpFrench\/#website"},"primaryImageOfPage":{"@id":"https:\/\/terranovasteel.ca\/wpFrench\/product\/lebronze\/#primaryimage"},"image":{"@id":"https:\/\/terranovasteel.ca\/wpFrench\/product\/lebronze\/#primaryimage"},"thumbnailUrl":"https:\/\/terranovasteel.ca\/wpFrench\/wp-content\/uploads\/2025\/10\/LeBronze.jpg","datePublished":"2025-10-03T16:48:23+00:00","dateModified":"2025-10-03T17:04:24+00:00","description":"Dura-Bar continuous cast ductile iron bar is engineered to excel during machining and to consistently outperform alternative materials.","breadcrumb":{"@id":"https:\/\/terranovasteel.ca\/wpFrench\/product\/lebronze\/#breadcrumb"},"inLanguage":"en-US","potentialAction":[{"@type":"ReadAction","target":["https:\/\/terranovasteel.ca\/wpFrench\/product\/lebronze\/"]}]},{"@type":"ImageObject","inLanguage":"en-US","@id":"https:\/\/terranovasteel.ca\/wpFrench\/product\/lebronze\/#primaryimage","url":"https:\/\/terranovasteel.ca\/wpFrench\/wp-content\/uploads\/2025\/10\/LeBronze.jpg","contentUrl":"https:\/\/terranovasteel.ca\/wpFrench\/wp-content\/uploads\/2025\/10\/LeBronze.jpg","width":1177,"height":1177,"caption":"LeBronze Alloys"},{"@type":"BreadcrumbList","@id":"https:\/\/terranovasteel.ca\/wpFrench\/product\/lebronze\/#breadcrumb","itemListElement":[{"@type":"ListItem","position":1,"name":"Home","item":"https:\/\/terranovasteel.ca\/wpFrench\/"},{"@type":"ListItem","position":2,"name":"ZZ_Shop","item":"https:\/\/terranovasteel.ca\/wpFrench\/shop\/"},{"@type":"ListItem","position":3,"name":"LeBronze"}]},{"@type":"WebSite","@id":"https:\/\/terranovasteel.ca\/wpFrench\/#website","url":"https:\/\/terranovasteel.ca\/wpFrench\/","name":"Terra Nova Steel &amp; Iron Inc.","description":"35 years supplying Canada with premium continuous cast iron bar and ductile iron bar","publisher":{"@id":"https:\/\/terranovasteel.ca\/wpFrench\/#organization"},"potentialAction":[{"@type":"SearchAction","target":{"@type":"EntryPoint","urlTemplate":"https:\/\/terranovasteel.ca\/wpFrench\/?s={search_term_string}"},"query-input":{"@type":"PropertyValueSpecification","valueRequired":true,"valueName":"search_term_string"}}],"inLanguage":"en-US"},{"@type":"Organization","@id":"https:\/\/terranovasteel.ca\/wpFrench\/#organization","name":"Terra Nova Steel & Iron","url":"https:\/\/terranovasteel.ca\/wpFrench\/","logo":{"@type":"ImageObject","inLanguage":"en-US","@id":"https:\/\/terranovasteel.ca\/wpFrench\/#\/schema\/logo\/image\/","url":"https:\/\/terranovasteel.ca\/wpFrench\/wp-content\/uploads\/2018\/02\/Headaer-Logo-1.png","contentUrl":"https:\/\/terranovasteel.ca\/wpFrench\/wp-content\/uploads\/2018\/02\/Headaer-Logo-1.png","width":2092,"height":411,"caption":"Terra Nova Steel & Iron"},"image":{"@id":"https:\/\/terranovasteel.ca\/wpFrench\/#\/schema\/logo\/image\/"},"sameAs":["https:\/\/www.linkedin.com\/company\/terra-nova-steel-iron-ontario-inc\/"]}]}},"_links":{"self":[{"href":"https:\/\/terranovasteel.ca\/wpFrench\/wp-json\/wp\/v2\/product\/8412","targetHints":{"allow":["GET"]}}],"collection":[{"href":"https:\/\/terranovasteel.ca\/wpFrench\/wp-json\/wp\/v2\/product"}],"about":[{"href":"https:\/\/terranovasteel.ca\/wpFrench\/wp-json\/wp\/v2\/types\/product"}],"version-history":[{"count":9,"href":"https:\/\/terranovasteel.ca\/wpFrench\/wp-json\/wp\/v2\/product\/8412\/revisions"}],"predecessor-version":[{"id":8424,"href":"https:\/\/terranovasteel.ca\/wpFrench\/wp-json\/wp\/v2\/product\/8412\/revisions\/8424"}],"wp:featuredmedia":[{"embeddable":true,"href":"https:\/\/terranovasteel.ca\/wpFrench\/wp-json\/wp\/v2\/media\/8414"}],"wp:attachment":[{"href":"https:\/\/terranovasteel.ca\/wpFrench\/wp-json\/wp\/v2\/media?parent=8412"}],"wp:term":[{"taxonomy":"product_brand","embeddable":true,"href":"https:\/\/terranovasteel.ca\/wpFrench\/wp-json\/wp\/v2\/product_brand?post=8412"},{"taxonomy":"product_cat","embeddable":true,"href":"https:\/\/terranovasteel.ca\/wpFrench\/wp-json\/wp\/v2\/product_cat?post=8412"},{"taxonomy":"product_tag","embeddable":true,"href":"https:\/\/terranovasteel.ca\/wpFrench\/wp-json\/wp\/v2\/product_tag?post=8412"}],"curies":[{"name":"wp","href":"https:\/\/api.w.org\/{rel}","templated":true}]}}