{"id":841,"date":"2020-07-28T07:43:27","date_gmt":"2020-07-28T07:43:27","guid":{"rendered":"http:\/\/dev.joomexp.com\/wordpress\/wp-juststartit\/?post_type=product&#038;p=841"},"modified":"2025-10-03T16:47:01","modified_gmt":"2025-10-03T16:47:01","slug":"bronze","status":"publish","type":"product","link":"https:\/\/terranovasteel.ca\/wpFrench\/product\/bronze\/","title":{"rendered":"BARRES DE BRONZE"},"content":{"rendered":"","protected":false},"excerpt":{"rendered":"<p style=\"font-weight: 400;\">Terra Nova Steel &amp; Iron entrepose plusieurs grades de barres en bronze qui rencontre vos besoins. Incluant nos plus populaires en inventaire 954 et le SAE 660 bearing bronze. Appellez nous pour de plus amples informations.<\/p>\n<p><a href=\"https:\/\/terranovasteel.ca\/wpFrench\/product\/c95400-aluminum-bronze\/\">C95400 sp\u00e9cifications<\/a>\u00a0: <a href=\"https:\/\/www.terranovasteel.ca\/Downloads\/TSI_95400_StockSheet.pdf\">C95400 liste d\u2019inventaire<\/a><\/p>\n<p><a href=\"https:\/\/terranovasteel.ca\/wpFrench\/product\/c93200-leaded-tin-bronze\/\">C93200 sp\u00e9cifications<\/a>\u00a0\u00a0: \u00a0<a href=\"https:\/\/www.terranovasteel.ca\/Downloads\/TSI_93200_StockSizes.pdf\">C93200 d\u2019 inventaire<\/a><\/p>\n<p><a href=\"https:\/\/terranovasteel.ca\/wpFrench\/product\/c86300-manganese-bronze\/\">C86300 sp\u00e9cifications<\/a>\u00a0: <a href=\"https:\/\/www.terranovasteel.ca\/Downloads\/TSI_86300_StockSizes.pdf\">C86300 d\u2019 inventaire<\/a><\/p>\n<p><a href=\"https:\/\/terranovasteel.ca\/wpFrench\/product\/c63000-ams4640\/\">C63000 &#8211; AMS4640 sp\u00e9cifications<\/a>: <a href=\"https:\/\/www.terranovasteel.ca\/Downloads\/TSI_63000_StockSizes.pdf\">C63000 d\u2019 inventaire<\/a><\/p>\n<p><a href=\"https:\/\/www.terranovasteel.ca\/Downloads\/TSI_BronzeBarstockCrossReference.pdf\">Tableau de r\u00e9f\u00e9rences crois\u00e9es des sp\u00e9cifications<\/a><\/p>\n","protected":false},"featured_media":8410,"template":"","meta":[],"product_brand":[],"product_cat":[82,109,69],"product_tag":[81],"class_list":{"0":"post-841","1":"product","2":"type-product","3":"status-publish","4":"has-post-thumbnail","6":"product_cat-bronze-bar-stock","7":"product_cat-main","8":"product_cat-product","9":"product_tag-bronze","11":"first","12":"instock","13":"shipping-taxable","14":"product-type-simple"},"yoast_head":"<!-- This site is optimized with the Yoast SEO plugin v27.3 - https:\/\/yoast.com\/product\/yoast-seo-wordpress\/ -->\n<title>BARRES DE BRONZE - Terra Nova Steel &amp; Iron Inc. bronze %<\/title>\n<meta name=\"description\" content=\"Terra Nova Steel &amp; Iron also carries multiple grades of Bronze Bar including our most popular stock 954 as well as SAE 660 Bearing Bronze.\" \/>\n<meta name=\"robots\" content=\"noindex, follow, max-snippet:-1, max-image-preview:large, max-video-preview:-1\" \/>\n<meta property=\"og:locale\" content=\"en_US\" \/>\n<meta property=\"og:type\" content=\"article\" \/>\n<meta property=\"og:title\" content=\"BARRES DE BRONZE - Terra Nova Steel &amp; Iron Inc. bronze %\" \/>\n<meta property=\"og:description\" content=\"Terra Nova Steel &amp; Iron also carries multiple grades of Bronze Bar including our most popular stock 954 as well as SAE 660 Bearing Bronze.\" \/>\n<meta property=\"og:url\" content=\"https:\/\/terranovasteel.ca\/wpFrench\/product\/bronze\/\" \/>\n<meta property=\"og:site_name\" content=\"Terra Nova Steel &amp; Iron Inc.\" \/>\n<meta property=\"article:modified_time\" content=\"2025-10-03T16:47:01+00:00\" \/>\n<meta property=\"og:image\" content=\"https:\/\/terranovasteel.ca\/wpFrench\/wp-content\/uploads\/2017\/07\/BronzeBarstock_featurePic_FRE.jpg\" \/>\n\t<meta property=\"og:image:width\" content=\"768\" \/>\n\t<meta property=\"og:image:height\" content=\"768\" \/>\n\t<meta property=\"og:image:type\" content=\"image\/jpeg\" \/>\n<meta name=\"twitter:card\" content=\"summary_large_image\" \/>\n<meta name=\"twitter:label1\" content=\"Est. reading time\" \/>\n\t<meta name=\"twitter:data1\" content=\"1 minute\" \/>\n<script type=\"application\/ld+json\" class=\"yoast-schema-graph\">{\"@context\":\"https:\\\/\\\/schema.org\",\"@graph\":[{\"@type\":\"WebPage\",\"@id\":\"https:\\\/\\\/terranovasteel.ca\\\/wpFrench\\\/product\\\/bronze\\\/\",\"url\":\"https:\\\/\\\/terranovasteel.ca\\\/wpFrench\\\/product\\\/bronze\\\/\",\"name\":\"BARRES DE BRONZE - Terra Nova Steel &amp; Iron Inc. bronze %\",\"isPartOf\":{\"@id\":\"https:\\\/\\\/terranovasteel.ca\\\/wpFrench\\\/#website\"},\"primaryImageOfPage\":{\"@id\":\"https:\\\/\\\/terranovasteel.ca\\\/wpFrench\\\/product\\\/bronze\\\/#primaryimage\"},\"image\":{\"@id\":\"https:\\\/\\\/terranovasteel.ca\\\/wpFrench\\\/product\\\/bronze\\\/#primaryimage\"},\"thumbnailUrl\":\"https:\\\/\\\/terranovasteel.ca\\\/wpFrench\\\/wp-content\\\/uploads\\\/2017\\\/07\\\/BronzeBarstock_featurePic_FRE.jpg\",\"datePublished\":\"2020-07-28T07:43:27+00:00\",\"dateModified\":\"2025-10-03T16:47:01+00:00\",\"description\":\"Terra Nova Steel & Iron also carries multiple grades of Bronze Bar including our most popular stock 954 as well as SAE 660 Bearing Bronze.\",\"breadcrumb\":{\"@id\":\"https:\\\/\\\/terranovasteel.ca\\\/wpFrench\\\/product\\\/bronze\\\/#breadcrumb\"},\"inLanguage\":\"en-US\",\"potentialAction\":[{\"@type\":\"ReadAction\",\"target\":[\"https:\\\/\\\/terranovasteel.ca\\\/wpFrench\\\/product\\\/bronze\\\/\"]}]},{\"@type\":\"ImageObject\",\"inLanguage\":\"en-US\",\"@id\":\"https:\\\/\\\/terranovasteel.ca\\\/wpFrench\\\/product\\\/bronze\\\/#primaryimage\",\"url\":\"https:\\\/\\\/terranovasteel.ca\\\/wpFrench\\\/wp-content\\\/uploads\\\/2017\\\/07\\\/BronzeBarstock_featurePic_FRE.jpg\",\"contentUrl\":\"https:\\\/\\\/terranovasteel.ca\\\/wpFrench\\\/wp-content\\\/uploads\\\/2017\\\/07\\\/BronzeBarstock_featurePic_FRE.jpg\",\"width\":768,\"height\":768,\"caption\":\"BARRES DE BRONZE\"},{\"@type\":\"BreadcrumbList\",\"@id\":\"https:\\\/\\\/terranovasteel.ca\\\/wpFrench\\\/product\\\/bronze\\\/#breadcrumb\",\"itemListElement\":[{\"@type\":\"ListItem\",\"position\":1,\"name\":\"Home\",\"item\":\"https:\\\/\\\/terranovasteel.ca\\\/wpFrench\\\/\"},{\"@type\":\"ListItem\",\"position\":2,\"name\":\"ZZ_Shop\",\"item\":\"https:\\\/\\\/terranovasteel.ca\\\/wpFrench\\\/shop\\\/\"},{\"@type\":\"ListItem\",\"position\":3,\"name\":\"BARRES DE BRONZE\"}]},{\"@type\":\"WebSite\",\"@id\":\"https:\\\/\\\/terranovasteel.ca\\\/wpFrench\\\/#website\",\"url\":\"https:\\\/\\\/terranovasteel.ca\\\/wpFrench\\\/\",\"name\":\"Terra Nova Steel &amp; Iron Inc.\",\"description\":\"35 years supplying Canada with premium continuous cast iron bar and ductile iron bar\",\"publisher\":{\"@id\":\"https:\\\/\\\/terranovasteel.ca\\\/wpFrench\\\/#organization\"},\"potentialAction\":[{\"@type\":\"SearchAction\",\"target\":{\"@type\":\"EntryPoint\",\"urlTemplate\":\"https:\\\/\\\/terranovasteel.ca\\\/wpFrench\\\/?s={search_term_string}\"},\"query-input\":{\"@type\":\"PropertyValueSpecification\",\"valueRequired\":true,\"valueName\":\"search_term_string\"}}],\"inLanguage\":\"en-US\"},{\"@type\":\"Organization\",\"@id\":\"https:\\\/\\\/terranovasteel.ca\\\/wpFrench\\\/#organization\",\"name\":\"Terra Nova Steel & Iron\",\"url\":\"https:\\\/\\\/terranovasteel.ca\\\/wpFrench\\\/\",\"logo\":{\"@type\":\"ImageObject\",\"inLanguage\":\"en-US\",\"@id\":\"https:\\\/\\\/terranovasteel.ca\\\/wpFrench\\\/#\\\/schema\\\/logo\\\/image\\\/\",\"url\":\"https:\\\/\\\/terranovasteel.ca\\\/wpFrench\\\/wp-content\\\/uploads\\\/2018\\\/02\\\/Headaer-Logo-1.png\",\"contentUrl\":\"https:\\\/\\\/terranovasteel.ca\\\/wpFrench\\\/wp-content\\\/uploads\\\/2018\\\/02\\\/Headaer-Logo-1.png\",\"width\":2092,\"height\":411,\"caption\":\"Terra Nova Steel & Iron\"},\"image\":{\"@id\":\"https:\\\/\\\/terranovasteel.ca\\\/wpFrench\\\/#\\\/schema\\\/logo\\\/image\\\/\"},\"sameAs\":[\"https:\\\/\\\/www.linkedin.com\\\/company\\\/terra-nova-steel-iron-ontario-inc\\\/\"]}]}<\/script>\n<!-- \/ Yoast SEO plugin. -->","yoast_head_json":{"title":"BARRES DE BRONZE - Terra Nova Steel &amp; Iron Inc. bronze %","description":"Terra Nova Steel & Iron also carries multiple grades of Bronze Bar including our most popular stock 954 as well as SAE 660 Bearing Bronze.","robots":{"index":"noindex","follow":"follow","max-snippet":"max-snippet:-1","max-image-preview":"max-image-preview:large","max-video-preview":"max-video-preview:-1"},"og_locale":"en_US","og_type":"article","og_title":"BARRES DE BRONZE - Terra Nova Steel &amp; Iron Inc. bronze %","og_description":"Terra Nova Steel & Iron also carries multiple grades of Bronze Bar including our most popular stock 954 as well as SAE 660 Bearing Bronze.","og_url":"https:\/\/terranovasteel.ca\/wpFrench\/product\/bronze\/","og_site_name":"Terra Nova Steel &amp; Iron Inc.","article_modified_time":"2025-10-03T16:47:01+00:00","og_image":[{"width":768,"height":768,"url":"https:\/\/terranovasteel.ca\/wpFrench\/wp-content\/uploads\/2017\/07\/BronzeBarstock_featurePic_FRE.jpg","type":"image\/jpeg"}],"twitter_card":"summary_large_image","twitter_misc":{"Est. reading time":"1 minute"},"schema":{"@context":"https:\/\/schema.org","@graph":[{"@type":"WebPage","@id":"https:\/\/terranovasteel.ca\/wpFrench\/product\/bronze\/","url":"https:\/\/terranovasteel.ca\/wpFrench\/product\/bronze\/","name":"BARRES DE BRONZE - Terra Nova Steel &amp; Iron Inc. bronze %","isPartOf":{"@id":"https:\/\/terranovasteel.ca\/wpFrench\/#website"},"primaryImageOfPage":{"@id":"https:\/\/terranovasteel.ca\/wpFrench\/product\/bronze\/#primaryimage"},"image":{"@id":"https:\/\/terranovasteel.ca\/wpFrench\/product\/bronze\/#primaryimage"},"thumbnailUrl":"https:\/\/terranovasteel.ca\/wpFrench\/wp-content\/uploads\/2017\/07\/BronzeBarstock_featurePic_FRE.jpg","datePublished":"2020-07-28T07:43:27+00:00","dateModified":"2025-10-03T16:47:01+00:00","description":"Terra Nova Steel & Iron also carries multiple grades of Bronze Bar including our most popular stock 954 as well as SAE 660 Bearing Bronze.","breadcrumb":{"@id":"https:\/\/terranovasteel.ca\/wpFrench\/product\/bronze\/#breadcrumb"},"inLanguage":"en-US","potentialAction":[{"@type":"ReadAction","target":["https:\/\/terranovasteel.ca\/wpFrench\/product\/bronze\/"]}]},{"@type":"ImageObject","inLanguage":"en-US","@id":"https:\/\/terranovasteel.ca\/wpFrench\/product\/bronze\/#primaryimage","url":"https:\/\/terranovasteel.ca\/wpFrench\/wp-content\/uploads\/2017\/07\/BronzeBarstock_featurePic_FRE.jpg","contentUrl":"https:\/\/terranovasteel.ca\/wpFrench\/wp-content\/uploads\/2017\/07\/BronzeBarstock_featurePic_FRE.jpg","width":768,"height":768,"caption":"BARRES DE BRONZE"},{"@type":"BreadcrumbList","@id":"https:\/\/terranovasteel.ca\/wpFrench\/product\/bronze\/#breadcrumb","itemListElement":[{"@type":"ListItem","position":1,"name":"Home","item":"https:\/\/terranovasteel.ca\/wpFrench\/"},{"@type":"ListItem","position":2,"name":"ZZ_Shop","item":"https:\/\/terranovasteel.ca\/wpFrench\/shop\/"},{"@type":"ListItem","position":3,"name":"BARRES DE BRONZE"}]},{"@type":"WebSite","@id":"https:\/\/terranovasteel.ca\/wpFrench\/#website","url":"https:\/\/terranovasteel.ca\/wpFrench\/","name":"Terra Nova Steel &amp; Iron Inc.","description":"35 years supplying Canada with premium continuous cast iron bar and ductile iron bar","publisher":{"@id":"https:\/\/terranovasteel.ca\/wpFrench\/#organization"},"potentialAction":[{"@type":"SearchAction","target":{"@type":"EntryPoint","urlTemplate":"https:\/\/terranovasteel.ca\/wpFrench\/?s={search_term_string}"},"query-input":{"@type":"PropertyValueSpecification","valueRequired":true,"valueName":"search_term_string"}}],"inLanguage":"en-US"},{"@type":"Organization","@id":"https:\/\/terranovasteel.ca\/wpFrench\/#organization","name":"Terra Nova Steel & Iron","url":"https:\/\/terranovasteel.ca\/wpFrench\/","logo":{"@type":"ImageObject","inLanguage":"en-US","@id":"https:\/\/terranovasteel.ca\/wpFrench\/#\/schema\/logo\/image\/","url":"https:\/\/terranovasteel.ca\/wpFrench\/wp-content\/uploads\/2018\/02\/Headaer-Logo-1.png","contentUrl":"https:\/\/terranovasteel.ca\/wpFrench\/wp-content\/uploads\/2018\/02\/Headaer-Logo-1.png","width":2092,"height":411,"caption":"Terra Nova Steel & Iron"},"image":{"@id":"https:\/\/terranovasteel.ca\/wpFrench\/#\/schema\/logo\/image\/"},"sameAs":["https:\/\/www.linkedin.com\/company\/terra-nova-steel-iron-ontario-inc\/"]}]}},"_links":{"self":[{"href":"https:\/\/terranovasteel.ca\/wpFrench\/wp-json\/wp\/v2\/product\/841","targetHints":{"allow":["GET"]}}],"collection":[{"href":"https:\/\/terranovasteel.ca\/wpFrench\/wp-json\/wp\/v2\/product"}],"about":[{"href":"https:\/\/terranovasteel.ca\/wpFrench\/wp-json\/wp\/v2\/types\/product"}],"version-history":[{"count":1,"href":"https:\/\/terranovasteel.ca\/wpFrench\/wp-json\/wp\/v2\/product\/841\/revisions"}],"predecessor-version":[{"id":8411,"href":"https:\/\/terranovasteel.ca\/wpFrench\/wp-json\/wp\/v2\/product\/841\/revisions\/8411"}],"wp:featuredmedia":[{"embeddable":true,"href":"https:\/\/terranovasteel.ca\/wpFrench\/wp-json\/wp\/v2\/media\/8410"}],"wp:attachment":[{"href":"https:\/\/terranovasteel.ca\/wpFrench\/wp-json\/wp\/v2\/media?parent=841"}],"wp:term":[{"taxonomy":"product_brand","embeddable":true,"href":"https:\/\/terranovasteel.ca\/wpFrench\/wp-json\/wp\/v2\/product_brand?post=841"},{"taxonomy":"product_cat","embeddable":true,"href":"https:\/\/terranovasteel.ca\/wpFrench\/wp-json\/wp\/v2\/product_cat?post=841"},{"taxonomy":"product_tag","embeddable":true,"href":"https:\/\/terranovasteel.ca\/wpFrench\/wp-json\/wp\/v2\/product_tag?post=841"}],"curies":[{"name":"wp","href":"https:\/\/api.w.org\/{rel}","templated":true}]}}