{"id":7394,"date":"2023-01-03T18:16:51","date_gmt":"2023-01-03T18:16:51","guid":{"rendered":"https:\/\/terranovasteel.ca\/?page_id=7394"},"modified":"2023-11-30T16:35:32","modified_gmt":"2023-11-30T16:35:32","slug":"credit-application","status":"publish","type":"page","link":"https:\/\/terranovasteel.ca\/wpFrench\/credit-application\/","title":{"rendered":"Credit Application"},"content":{"rendered":"\t\t<div data-elementor-type=\"wp-page\" data-elementor-id=\"7394\" class=\"elementor elementor-7394\" data-elementor-post-type=\"page\">\n\t\t\t\t\t\t<section class=\"elementor-section elementor-top-section elementor-element elementor-element-a11f81f elementor-section-boxed elementor-section-height-default elementor-section-height-default\" data-id=\"a11f81f\" data-element_type=\"section\" data-e-type=\"section\">\n\t\t\t\t\t\t<div class=\"elementor-container elementor-column-gap-default\">\n\t\t\t\t\t<div class=\"elementor-column elementor-col-100 elementor-top-column elementor-element elementor-element-c028bce\" data-id=\"c028bce\" data-element_type=\"column\" data-e-type=\"column\">\n\t\t\t<div class=\"elementor-widget-wrap elementor-element-populated\">\n\t\t\t\t\t\t<div class=\"elementor-element elementor-element-128557e elementor-widget elementor-widget-image\" data-id=\"128557e\" data-element_type=\"widget\" data-e-type=\"widget\" data-widget_type=\"image.default\">\n\t\t\t\t<div class=\"elementor-widget-container\">\n\t\t\t\t\t\t\t\t\t\t\t\t\t\t\t<img fetchpriority=\"high\" decoding=\"async\" width=\"1920\" height=\"1000\" src=\"https:\/\/terranovasteel.ca\/wpFrench\/wp-content\/uploads\/2019\/10\/IMG_0153_BuildingShot_RV_HomeSlider.jpg\" class=\"attachment-full size-full wp-image-2421\" alt=\"\" srcset=\"https:\/\/terranovasteel.ca\/wpFrench\/wp-content\/uploads\/2019\/10\/IMG_0153_BuildingShot_RV_HomeSlider.jpg 1920w, https:\/\/terranovasteel.ca\/wpFrench\/wp-content\/uploads\/2019\/10\/IMG_0153_BuildingShot_RV_HomeSlider-300x156.jpg 300w, https:\/\/terranovasteel.ca\/wpFrench\/wp-content\/uploads\/2019\/10\/IMG_0153_BuildingShot_RV_HomeSlider-768x400.jpg 768w, https:\/\/terranovasteel.ca\/wpFrench\/wp-content\/uploads\/2019\/10\/IMG_0153_BuildingShot_RV_HomeSlider-1024x533.jpg 1024w, https:\/\/terranovasteel.ca\/wpFrench\/wp-content\/uploads\/2019\/10\/IMG_0153_BuildingShot_RV_HomeSlider-624x325.jpg 624w, https:\/\/terranovasteel.ca\/wpFrench\/wp-content\/uploads\/2019\/10\/IMG_0153_BuildingShot_RV_HomeSlider-370x193.jpg 370w\" sizes=\"(max-width: 1920px) 100vw, 1920px\" \/>\t\t\t\t\t\t\t\t\t\t\t\t\t\t\t<\/div>\n\t\t\t\t<\/div>\n\t\t\t\t<div class=\"elementor-element elementor-element-b74e1ee elementor-widget elementor-widget-heading\" data-id=\"b74e1ee\" data-element_type=\"widget\" data-e-type=\"widget\" data-widget_type=\"heading.default\">\n\t\t\t\t<div class=\"elementor-widget-container\">\n\t\t\t\t\t<h2 class=\"elementor-heading-title elementor-size-default\">Credit APplication<\/h2>\t\t\t\t<\/div>\n\t\t\t\t<\/div>\n\t\t\t\t<div class=\"elementor-element elementor-element-6b769b3 elementor-widget elementor-widget-text-editor\" data-id=\"6b769b3\" data-element_type=\"widget\" data-e-type=\"widget\" data-widget_type=\"text-editor.default\">\n\t\t\t\t<div class=\"elementor-widget-container\">\n\t\t\t\t\t\t\t\t\t<p>Pour demander un cr\u00e9dit aupr\u00e8s de nous, veuillez t\u00e9l\u00e9charger et remplir le formulaire \u00e0 partir du lien ci-dessous.<\/p><p>Pour t\u00e9l\u00e9charger sur votre ordinateur, faites un clic droit sur le lien et s\u00e9lectionnez \u00ab\u00a0Enregistrer le lien sous\u00a0\u00bb.<\/p><p><a href=\"https:\/\/terranovasteel.ca\/wpFrench\/wp-content\/uploads\/2023\/11\/TSI_Credit-App_BIL.pdf\" target=\"_blank\" rel=\"noopener\">TERRA NOVA STEEL&amp; IRON CREDIT APPLICATION<\/a><\/p>\t\t\t\t\t\t\t\t<\/div>\n\t\t\t\t<\/div>\n\t\t\t\t<div class=\"elementor-element elementor-element-4c83b67 elementor-widget elementor-widget-spacer\" data-id=\"4c83b67\" data-element_type=\"widget\" data-e-type=\"widget\" data-widget_type=\"spacer.default\">\n\t\t\t\t<div class=\"elementor-widget-container\">\n\t\t\t\t\t\t\t<div class=\"elementor-spacer\">\n\t\t\t<div class=\"elementor-spacer-inner\"><\/div>\n\t\t<\/div>\n\t\t\t\t\t\t<\/div>\n\t\t\t\t<\/div>\n\t\t\t\t\t<\/div>\n\t\t<\/div>\n\t\t\t\t\t<\/div>\n\t\t<\/section>\n\t\t\t\t<\/div>\n\t\t","protected":false},"excerpt":{"rendered":"<p>Credit APplication Pour demander un cr\u00e9dit aupr\u00e8s de nous, veuillez t\u00e9l\u00e9charger et remplir le formulaire \u00e0 partir du lien ci-dessous. Pour t\u00e9l\u00e9charger sur votre ordinateur, faites un clic droit sur le lien et s\u00e9lectionnez \u00ab\u00a0Enregistrer le lien sous\u00a0\u00bb. TERRA NOVA STEEL&amp; IRON CREDIT APPLICATION<\/p>\n","protected":false},"author":2,"featured_media":0,"parent":0,"menu_order":0,"comment_status":"closed","ping_status":"closed","template":"","meta":{"footnotes":""},"class_list":["post-7394","page","type-page","status-publish","hentry"],"yoast_head":"<!-- This site is optimized with the Yoast SEO plugin v27.3 - https:\/\/yoast.com\/product\/yoast-seo-wordpress\/ -->\n<title>Credit Application - Terra Nova Steel &amp; Iron Inc.<\/title>\n<meta name=\"description\" content=\"Request a quote from Terra Nova Steel &amp; Iron.\" \/>\n<meta name=\"robots\" content=\"noindex, follow, max-snippet:-1, max-image-preview:large, max-video-preview:-1\" \/>\n<meta property=\"og:locale\" content=\"en_US\" \/>\n<meta property=\"og:type\" content=\"article\" \/>\n<meta property=\"og:title\" content=\"Credit Application - Terra Nova Steel &amp; Iron Inc.\" \/>\n<meta property=\"og:description\" content=\"Request a quote from Terra Nova Steel &amp; Iron.\" \/>\n<meta property=\"og:url\" content=\"https:\/\/terranovasteel.ca\/wpFrench\/credit-application\/\" \/>\n<meta property=\"og:site_name\" content=\"Terra Nova Steel &amp; Iron Inc.\" \/>\n<meta property=\"article:modified_time\" content=\"2023-11-30T16:35:32+00:00\" \/>\n<meta property=\"og:image\" content=\"https:\/\/terranovasteel.ca\/wpFrench\/wp-content\/uploads\/2019\/10\/IMG_0153_BuildingShot_RV_HomeSlider.jpg\" \/>\n<meta name=\"twitter:card\" content=\"summary_large_image\" \/>\n<meta name=\"twitter:label1\" content=\"Est. reading time\" \/>\n\t<meta name=\"twitter:data1\" content=\"1 minute\" \/>\n<script type=\"application\/ld+json\" class=\"yoast-schema-graph\">{\"@context\":\"https:\\\/\\\/schema.org\",\"@graph\":[{\"@type\":\"WebPage\",\"@id\":\"https:\\\/\\\/terranovasteel.ca\\\/wpFrench\\\/credit-application\\\/\",\"url\":\"https:\\\/\\\/terranovasteel.ca\\\/wpFrench\\\/credit-application\\\/\",\"name\":\"Credit Application - Terra Nova Steel &amp; Iron Inc.\",\"isPartOf\":{\"@id\":\"https:\\\/\\\/terranovasteel.ca\\\/wpFrench\\\/#website\"},\"primaryImageOfPage\":{\"@id\":\"https:\\\/\\\/terranovasteel.ca\\\/wpFrench\\\/credit-application\\\/#primaryimage\"},\"image\":{\"@id\":\"https:\\\/\\\/terranovasteel.ca\\\/wpFrench\\\/credit-application\\\/#primaryimage\"},\"thumbnailUrl\":\"https:\\\/\\\/terranovasteel.ca\\\/wpFrench\\\/wp-content\\\/uploads\\\/2019\\\/10\\\/IMG_0153_BuildingShot_RV_HomeSlider.jpg\",\"datePublished\":\"2023-01-03T18:16:51+00:00\",\"dateModified\":\"2023-11-30T16:35:32+00:00\",\"description\":\"Request a quote from Terra Nova Steel & Iron.\",\"breadcrumb\":{\"@id\":\"https:\\\/\\\/terranovasteel.ca\\\/wpFrench\\\/credit-application\\\/#breadcrumb\"},\"inLanguage\":\"en-US\",\"potentialAction\":[{\"@type\":\"ReadAction\",\"target\":[\"https:\\\/\\\/terranovasteel.ca\\\/wpFrench\\\/credit-application\\\/\"]}]},{\"@type\":\"ImageObject\",\"inLanguage\":\"en-US\",\"@id\":\"https:\\\/\\\/terranovasteel.ca\\\/wpFrench\\\/credit-application\\\/#primaryimage\",\"url\":\"https:\\\/\\\/terranovasteel.ca\\\/wpFrench\\\/wp-content\\\/uploads\\\/2019\\\/10\\\/IMG_0153_BuildingShot_RV_HomeSlider.jpg\",\"contentUrl\":\"https:\\\/\\\/terranovasteel.ca\\\/wpFrench\\\/wp-content\\\/uploads\\\/2019\\\/10\\\/IMG_0153_BuildingShot_RV_HomeSlider.jpg\",\"width\":1920,\"height\":1000},{\"@type\":\"BreadcrumbList\",\"@id\":\"https:\\\/\\\/terranovasteel.ca\\\/wpFrench\\\/credit-application\\\/#breadcrumb\",\"itemListElement\":[{\"@type\":\"ListItem\",\"position\":1,\"name\":\"Home\",\"item\":\"https:\\\/\\\/terranovasteel.ca\\\/wpFrench\\\/\"},{\"@type\":\"ListItem\",\"position\":2,\"name\":\"Credit Application\"}]},{\"@type\":\"WebSite\",\"@id\":\"https:\\\/\\\/terranovasteel.ca\\\/wpFrench\\\/#website\",\"url\":\"https:\\\/\\\/terranovasteel.ca\\\/wpFrench\\\/\",\"name\":\"Terra Nova Steel &amp; Iron Inc.\",\"description\":\"35 years supplying Canada with premium continuous cast iron bar and ductile iron bar\",\"publisher\":{\"@id\":\"https:\\\/\\\/terranovasteel.ca\\\/wpFrench\\\/#organization\"},\"potentialAction\":[{\"@type\":\"SearchAction\",\"target\":{\"@type\":\"EntryPoint\",\"urlTemplate\":\"https:\\\/\\\/terranovasteel.ca\\\/wpFrench\\\/?s={search_term_string}\"},\"query-input\":{\"@type\":\"PropertyValueSpecification\",\"valueRequired\":true,\"valueName\":\"search_term_string\"}}],\"inLanguage\":\"en-US\"},{\"@type\":\"Organization\",\"@id\":\"https:\\\/\\\/terranovasteel.ca\\\/wpFrench\\\/#organization\",\"name\":\"Terra Nova Steel & Iron\",\"url\":\"https:\\\/\\\/terranovasteel.ca\\\/wpFrench\\\/\",\"logo\":{\"@type\":\"ImageObject\",\"inLanguage\":\"en-US\",\"@id\":\"https:\\\/\\\/terranovasteel.ca\\\/wpFrench\\\/#\\\/schema\\\/logo\\\/image\\\/\",\"url\":\"https:\\\/\\\/terranovasteel.ca\\\/wpFrench\\\/wp-content\\\/uploads\\\/2018\\\/02\\\/Headaer-Logo-1.png\",\"contentUrl\":\"https:\\\/\\\/terranovasteel.ca\\\/wpFrench\\\/wp-content\\\/uploads\\\/2018\\\/02\\\/Headaer-Logo-1.png\",\"width\":2092,\"height\":411,\"caption\":\"Terra Nova Steel & Iron\"},\"image\":{\"@id\":\"https:\\\/\\\/terranovasteel.ca\\\/wpFrench\\\/#\\\/schema\\\/logo\\\/image\\\/\"},\"sameAs\":[\"https:\\\/\\\/www.linkedin.com\\\/company\\\/terra-nova-steel-iron-ontario-inc\\\/\"]}]}<\/script>\n<!-- \/ Yoast SEO plugin. -->","yoast_head_json":{"title":"Credit Application - Terra Nova Steel &amp; Iron Inc.","description":"Request a quote from Terra Nova Steel & Iron.","robots":{"index":"noindex","follow":"follow","max-snippet":"max-snippet:-1","max-image-preview":"max-image-preview:large","max-video-preview":"max-video-preview:-1"},"og_locale":"en_US","og_type":"article","og_title":"Credit Application - Terra Nova Steel &amp; Iron Inc.","og_description":"Request a quote from Terra Nova Steel & Iron.","og_url":"https:\/\/terranovasteel.ca\/wpFrench\/credit-application\/","og_site_name":"Terra Nova Steel &amp; Iron Inc.","article_modified_time":"2023-11-30T16:35:32+00:00","og_image":[{"url":"https:\/\/terranovasteel.ca\/wpFrench\/wp-content\/uploads\/2019\/10\/IMG_0153_BuildingShot_RV_HomeSlider.jpg","type":"","width":"","height":""}],"twitter_card":"summary_large_image","twitter_misc":{"Est. reading time":"1 minute"},"schema":{"@context":"https:\/\/schema.org","@graph":[{"@type":"WebPage","@id":"https:\/\/terranovasteel.ca\/wpFrench\/credit-application\/","url":"https:\/\/terranovasteel.ca\/wpFrench\/credit-application\/","name":"Credit Application - Terra Nova Steel &amp; Iron Inc.","isPartOf":{"@id":"https:\/\/terranovasteel.ca\/wpFrench\/#website"},"primaryImageOfPage":{"@id":"https:\/\/terranovasteel.ca\/wpFrench\/credit-application\/#primaryimage"},"image":{"@id":"https:\/\/terranovasteel.ca\/wpFrench\/credit-application\/#primaryimage"},"thumbnailUrl":"https:\/\/terranovasteel.ca\/wpFrench\/wp-content\/uploads\/2019\/10\/IMG_0153_BuildingShot_RV_HomeSlider.jpg","datePublished":"2023-01-03T18:16:51+00:00","dateModified":"2023-11-30T16:35:32+00:00","description":"Request a quote from Terra Nova Steel & Iron.","breadcrumb":{"@id":"https:\/\/terranovasteel.ca\/wpFrench\/credit-application\/#breadcrumb"},"inLanguage":"en-US","potentialAction":[{"@type":"ReadAction","target":["https:\/\/terranovasteel.ca\/wpFrench\/credit-application\/"]}]},{"@type":"ImageObject","inLanguage":"en-US","@id":"https:\/\/terranovasteel.ca\/wpFrench\/credit-application\/#primaryimage","url":"https:\/\/terranovasteel.ca\/wpFrench\/wp-content\/uploads\/2019\/10\/IMG_0153_BuildingShot_RV_HomeSlider.jpg","contentUrl":"https:\/\/terranovasteel.ca\/wpFrench\/wp-content\/uploads\/2019\/10\/IMG_0153_BuildingShot_RV_HomeSlider.jpg","width":1920,"height":1000},{"@type":"BreadcrumbList","@id":"https:\/\/terranovasteel.ca\/wpFrench\/credit-application\/#breadcrumb","itemListElement":[{"@type":"ListItem","position":1,"name":"Home","item":"https:\/\/terranovasteel.ca\/wpFrench\/"},{"@type":"ListItem","position":2,"name":"Credit Application"}]},{"@type":"WebSite","@id":"https:\/\/terranovasteel.ca\/wpFrench\/#website","url":"https:\/\/terranovasteel.ca\/wpFrench\/","name":"Terra Nova Steel &amp; Iron Inc.","description":"35 years supplying Canada with premium continuous cast iron bar and ductile iron bar","publisher":{"@id":"https:\/\/terranovasteel.ca\/wpFrench\/#organization"},"potentialAction":[{"@type":"SearchAction","target":{"@type":"EntryPoint","urlTemplate":"https:\/\/terranovasteel.ca\/wpFrench\/?s={search_term_string}"},"query-input":{"@type":"PropertyValueSpecification","valueRequired":true,"valueName":"search_term_string"}}],"inLanguage":"en-US"},{"@type":"Organization","@id":"https:\/\/terranovasteel.ca\/wpFrench\/#organization","name":"Terra Nova Steel & Iron","url":"https:\/\/terranovasteel.ca\/wpFrench\/","logo":{"@type":"ImageObject","inLanguage":"en-US","@id":"https:\/\/terranovasteel.ca\/wpFrench\/#\/schema\/logo\/image\/","url":"https:\/\/terranovasteel.ca\/wpFrench\/wp-content\/uploads\/2018\/02\/Headaer-Logo-1.png","contentUrl":"https:\/\/terranovasteel.ca\/wpFrench\/wp-content\/uploads\/2018\/02\/Headaer-Logo-1.png","width":2092,"height":411,"caption":"Terra Nova Steel & Iron"},"image":{"@id":"https:\/\/terranovasteel.ca\/wpFrench\/#\/schema\/logo\/image\/"},"sameAs":["https:\/\/www.linkedin.com\/company\/terra-nova-steel-iron-ontario-inc\/"]}]}},"_links":{"self":[{"href":"https:\/\/terranovasteel.ca\/wpFrench\/wp-json\/wp\/v2\/pages\/7394","targetHints":{"allow":["GET"]}}],"collection":[{"href":"https:\/\/terranovasteel.ca\/wpFrench\/wp-json\/wp\/v2\/pages"}],"about":[{"href":"https:\/\/terranovasteel.ca\/wpFrench\/wp-json\/wp\/v2\/types\/page"}],"author":[{"embeddable":true,"href":"https:\/\/terranovasteel.ca\/wpFrench\/wp-json\/wp\/v2\/users\/2"}],"replies":[{"embeddable":true,"href":"https:\/\/terranovasteel.ca\/wpFrench\/wp-json\/wp\/v2\/comments?post=7394"}],"version-history":[{"count":0,"href":"https:\/\/terranovasteel.ca\/wpFrench\/wp-json\/wp\/v2\/pages\/7394\/revisions"}],"wp:attachment":[{"href":"https:\/\/terranovasteel.ca\/wpFrench\/wp-json\/wp\/v2\/media?parent=7394"}],"curies":[{"name":"wp","href":"https:\/\/api.w.org\/{rel}","templated":true}]}}