{"id":413,"date":"2017-07-17T03:18:25","date_gmt":"2017-07-17T03:18:25","guid":{"rendered":"http:\/\/dev.joomexp.com\/wordpress\/wp-juststartit\/?page_id=413"},"modified":"2024-05-14T13:05:00","modified_gmt":"2024-05-14T13:05:00","slug":"quality-control","status":"publish","type":"page","link":"https:\/\/terranovasteel.ca\/wpFrench\/quality-control\/","title":{"rendered":"Quality Control"},"content":{"rendered":"\t\t<div data-elementor-type=\"wp-page\" data-elementor-id=\"413\" class=\"elementor elementor-413\" data-elementor-post-type=\"page\">\n\t\t\t\t\t\t<section class=\"elementor-section elementor-top-section elementor-element elementor-element-48aa183d elementor-section-boxed elementor-section-height-default elementor-section-height-default\" data-id=\"48aa183d\" data-element_type=\"section\" data-e-type=\"section\">\n\t\t\t\t\t\t<div class=\"elementor-container elementor-column-gap-default\">\n\t\t\t\t\t<div class=\"elementor-column elementor-col-100 elementor-top-column elementor-element elementor-element-51743e35\" data-id=\"51743e35\" data-element_type=\"column\" data-e-type=\"column\">\n\t\t\t<div class=\"elementor-widget-wrap elementor-element-populated\">\n\t\t\t\t\t\t<div class=\"elementor-element elementor-element-ad644c0 elementor-widget elementor-widget-heading\" data-id=\"ad644c0\" data-element_type=\"widget\" data-e-type=\"widget\" data-widget_type=\"heading.default\">\n\t\t\t\t<div class=\"elementor-widget-container\">\n\t\t\t\t\t<h2 class=\"elementor-heading-title elementor-size-default\">CONTR\u00d4LE DE QUALIT\u00c9<\/h2>\t\t\t\t<\/div>\n\t\t\t\t<\/div>\n\t\t\t\t<section class=\"elementor-section elementor-inner-section elementor-element elementor-element-22e941f elementor-section-boxed elementor-section-height-default elementor-section-height-default\" data-id=\"22e941f\" data-element_type=\"section\" data-e-type=\"section\">\n\t\t\t\t\t\t<div class=\"elementor-container elementor-column-gap-default\">\n\t\t\t\t\t<div class=\"elementor-column elementor-col-50 elementor-inner-column elementor-element elementor-element-dcd837b\" data-id=\"dcd837b\" data-element_type=\"column\" data-e-type=\"column\">\n\t\t\t<div class=\"elementor-widget-wrap elementor-element-populated\">\n\t\t\t\t\t\t<div class=\"elementor-element elementor-element-921c8b6 elementor-widget elementor-widget-image\" data-id=\"921c8b6\" data-element_type=\"widget\" data-e-type=\"widget\" data-widget_type=\"image.default\">\n\t\t\t\t<div class=\"elementor-widget-container\">\n\t\t\t\t\t\t\t\t\t\t\t\t\t\t\t<img fetchpriority=\"high\" decoding=\"async\" width=\"991\" height=\"991\" src=\"https:\/\/terranovasteel.ca\/wpFrench\/wp-content\/uploads\/2024\/05\/CWBREG-English-ISO-9001_2015_BLACK.png\" class=\"attachment-large size-large wp-image-8102\" alt=\"ISO 9001 : 2015 - CWB Registered logo\" srcset=\"https:\/\/terranovasteel.ca\/wpFrench\/wp-content\/uploads\/2024\/05\/CWBREG-English-ISO-9001_2015_BLACK.png 991w, https:\/\/terranovasteel.ca\/wpFrench\/wp-content\/uploads\/2024\/05\/CWBREG-English-ISO-9001_2015_BLACK-300x300.png 300w, https:\/\/terranovasteel.ca\/wpFrench\/wp-content\/uploads\/2024\/05\/CWBREG-English-ISO-9001_2015_BLACK-150x150.png 150w, https:\/\/terranovasteel.ca\/wpFrench\/wp-content\/uploads\/2024\/05\/CWBREG-English-ISO-9001_2015_BLACK-768x768.png 768w, https:\/\/terranovasteel.ca\/wpFrench\/wp-content\/uploads\/2024\/05\/CWBREG-English-ISO-9001_2015_BLACK-624x624.png 624w, https:\/\/terranovasteel.ca\/wpFrench\/wp-content\/uploads\/2024\/05\/CWBREG-English-ISO-9001_2015_BLACK-340x340.png 340w, https:\/\/terranovasteel.ca\/wpFrench\/wp-content\/uploads\/2024\/05\/CWBREG-English-ISO-9001_2015_BLACK-370x370.png 370w, https:\/\/terranovasteel.ca\/wpFrench\/wp-content\/uploads\/2024\/05\/CWBREG-English-ISO-9001_2015_BLACK-100x100.png 100w, https:\/\/terranovasteel.ca\/wpFrench\/wp-content\/uploads\/2024\/05\/elementor\/thumbs\/CWBREG-English-ISO-9001_2015_BLACK-qo4bxoa8x09wotwa0rtg7d4mkpyxpt0nkyj5i7sm0g.png 600w\" sizes=\"(max-width: 991px) 100vw, 991px\" \/>\t\t\t\t\t\t\t\t\t\t\t\t\t\t\t<\/div>\n\t\t\t\t<\/div>\n\t\t\t\t\t<\/div>\n\t\t<\/div>\n\t\t\t\t<div class=\"elementor-column elementor-col-50 elementor-inner-column elementor-element elementor-element-fa63565\" data-id=\"fa63565\" data-element_type=\"column\" data-e-type=\"column\">\n\t\t\t<div class=\"elementor-widget-wrap elementor-element-populated\">\n\t\t\t\t\t\t<div class=\"elementor-element elementor-element-26001ba elementor-widget elementor-widget-text-editor\" data-id=\"26001ba\" data-element_type=\"widget\" data-e-type=\"widget\" data-widget_type=\"text-editor.default\">\n\t\t\t\t<div class=\"elementor-widget-container\">\n\t\t\t\t\t\t\t\t\t<p>La r\u00e9putation pour la qualit\u00e9 et performance et consistence chez Terra Nova Steel &amp; Iron est soutenu avec notre enregistrement au strict standard du syst\u00e8me de qualit\u00e9 ISO 9001 : 2015. Reconnu \u00e0 travers le monde enregistrement ISO 9001 est votre assurance que tout va \u00eatre livrer comme promit \u00e0 tous les jours. Assurance qualit\u00e9 est la documentation compl\u00e8te , v\u00e9rification et tra\u00e7abilit\u00e9 pour le future.<\/p>\t\t\t\t\t\t\t\t<\/div>\n\t\t\t\t<\/div>\n\t\t\t\t\t<\/div>\n\t\t<\/div>\n\t\t\t\t\t<\/div>\n\t\t<\/section>\n\t\t\t\t<div class=\"elementor-element elementor-element-4bf7f113 elementor-widget elementor-widget-text-editor\" data-id=\"4bf7f113\" data-element_type=\"widget\" data-e-type=\"widget\" data-widget_type=\"text-editor.default\">\n\t\t\t\t<div class=\"elementor-widget-container\">\n\t\t\t\t\t\t\t\t\t<div>Terra Nova Steel &amp; Iron aspire \u00e0 rencontrer les objectifs suivant :<\/div><div>&#8211; Fournir \u00e0 l\u2019industrie un service sup\u00e9rieur \u00e0 celle de nos comp\u00e9titeurs<\/div><div>&#8211; Garantir la meilleure valeur \u00e0 nos clients<\/div><div>&#8211; \u00catre un fournisseur de grandes qualit\u00e9s de produits et services<\/div><div>&#8211; Garantir le produit est conforme aux requis du client<\/div><p style=\"font-weight: 400;\">Personnel professionnel , support et service professionnel sont garantit sous notre politique qualit\u00e9 publi\u00e9e\u00a0:<\/p><p style=\"font-weight: 400;\">Terra Nova Steel &amp; Iron est engag\u00e9 \u00e0 une approche de gestion professionnelle qui encourage et stimule une am\u00e9lioration continue et consistente pour rencontrer 100% des demandes contractuel de nos clients en leur fournissant des produits de hautes qualit\u00e9s et services qui est relevant et applicable aux codes et standards dans une mani\u00e8re s\u00e9cure, \u00e9thique et professionnel en tenant d\u00fbment compte de l\u2019environnement.<\/p>\t\t\t\t\t\t\t\t<\/div>\n\t\t\t\t<\/div>\n\t\t\t\t<div class=\"elementor-element elementor-element-25cbf59 elementor-widget elementor-widget-image\" data-id=\"25cbf59\" data-element_type=\"widget\" data-e-type=\"widget\" data-widget_type=\"image.default\">\n\t\t\t\t<div class=\"elementor-widget-container\">\n\t\t\t\t\t\t\t\t\t\t\t\t\t\t\t<img decoding=\"async\" width=\"1024\" height=\"779\" src=\"https:\/\/terranovasteel.ca\/wpFrench\/wp-content\/uploads\/2023\/06\/TERRNOVA01-2023-May-RR-Cert-r1-revised-logo-1024x779.png\" class=\"attachment-large size-large wp-image-7757\" alt=\"TSI, Terra Nova Steel &amp; Iron Inc. ISO 9001:2015 Certificate.\" srcset=\"https:\/\/terranovasteel.ca\/wpFrench\/wp-content\/uploads\/2023\/06\/TERRNOVA01-2023-May-RR-Cert-r1-revised-logo-1024x779.png 1024w, https:\/\/terranovasteel.ca\/wpFrench\/wp-content\/uploads\/2023\/06\/TERRNOVA01-2023-May-RR-Cert-r1-revised-logo-300x228.png 300w, https:\/\/terranovasteel.ca\/wpFrench\/wp-content\/uploads\/2023\/06\/TERRNOVA01-2023-May-RR-Cert-r1-revised-logo-768x585.png 768w, https:\/\/terranovasteel.ca\/wpFrench\/wp-content\/uploads\/2023\/06\/TERRNOVA01-2023-May-RR-Cert-r1-revised-logo-1536x1169.png 1536w, https:\/\/terranovasteel.ca\/wpFrench\/wp-content\/uploads\/2023\/06\/TERRNOVA01-2023-May-RR-Cert-r1-revised-logo-2048x1559.png 2048w, https:\/\/terranovasteel.ca\/wpFrench\/wp-content\/uploads\/2023\/06\/TERRNOVA01-2023-May-RR-Cert-r1-revised-logo-624x475.png 624w, https:\/\/terranovasteel.ca\/wpFrench\/wp-content\/uploads\/2023\/06\/TERRNOVA01-2023-May-RR-Cert-r1-revised-logo-370x282.png 370w\" sizes=\"(max-width: 1024px) 100vw, 1024px\" \/>\t\t\t\t\t\t\t\t\t\t\t\t\t\t\t<\/div>\n\t\t\t\t<\/div>\n\t\t\t\t\t<\/div>\n\t\t<\/div>\n\t\t\t\t\t<\/div>\n\t\t<\/section>\n\t\t\t\t<\/div>\n\t\t","protected":false},"excerpt":{"rendered":"<p>CONTR\u00d4LE DE QUALIT\u00c9 La r\u00e9putation pour la qualit\u00e9 et performance et consistence chez Terra Nova Steel &amp; Iron est soutenu avec notre enregistrement au strict standard du syst\u00e8me de qualit\u00e9 ISO 9001 : 2015. Reconnu \u00e0 travers le monde enregistrement ISO 9001 est votre assurance que tout va \u00eatre livrer comme promit \u00e0 tous les<\/p>\n","protected":false},"author":2,"featured_media":0,"parent":0,"menu_order":0,"comment_status":"closed","ping_status":"closed","template":"","meta":{"footnotes":""},"class_list":["post-413","page","type-page","status-publish","hentry"],"yoast_head":"<!-- This site is optimized with the Yoast SEO plugin v27.3 - https:\/\/yoast.com\/product\/yoast-seo-wordpress\/ -->\n<title>Quality Control - Terra Nova Steel &amp; Iron Inc.<\/title>\n<meta name=\"robots\" content=\"noindex, follow, max-snippet:-1, max-image-preview:large, max-video-preview:-1\" \/>\n<meta property=\"og:locale\" content=\"en_US\" \/>\n<meta property=\"og:type\" content=\"article\" \/>\n<meta property=\"og:title\" content=\"Quality Control - Terra Nova Steel &amp; Iron Inc.\" \/>\n<meta property=\"og:description\" content=\"CONTR\u00d4LE DE QUALIT\u00c9 La r\u00e9putation pour la qualit\u00e9 et performance et consistence chez Terra Nova Steel &amp; Iron est soutenu avec notre enregistrement au strict standard du syst\u00e8me de qualit\u00e9 ISO 9001 : 2015. Reconnu \u00e0 travers le monde enregistrement ISO 9001 est votre assurance que tout va \u00eatre livrer comme promit \u00e0 tous les\" \/>\n<meta property=\"og:url\" content=\"https:\/\/terranovasteel.ca\/wpFrench\/quality-control\/\" \/>\n<meta property=\"og:site_name\" content=\"Terra Nova Steel &amp; Iron Inc.\" \/>\n<meta property=\"article:modified_time\" content=\"2024-05-14T13:05:00+00:00\" \/>\n<meta property=\"og:image\" content=\"https:\/\/terranovasteel.ca\/wpFrench\/wp-content\/uploads\/2024\/05\/CWBREG-English-ISO-9001_2015_BLACK.png\" \/>\n<meta name=\"twitter:card\" content=\"summary_large_image\" \/>\n<meta name=\"twitter:label1\" content=\"Est. reading time\" \/>\n\t<meta name=\"twitter:data1\" content=\"2 minutes\" \/>\n<script type=\"application\/ld+json\" class=\"yoast-schema-graph\">{\"@context\":\"https:\\\/\\\/schema.org\",\"@graph\":[{\"@type\":\"WebPage\",\"@id\":\"https:\\\/\\\/terranovasteel.ca\\\/wpFrench\\\/quality-control\\\/\",\"url\":\"https:\\\/\\\/terranovasteel.ca\\\/wpFrench\\\/quality-control\\\/\",\"name\":\"Quality Control - Terra Nova Steel &amp; Iron Inc.\",\"isPartOf\":{\"@id\":\"https:\\\/\\\/terranovasteel.ca\\\/wpFrench\\\/#website\"},\"primaryImageOfPage\":{\"@id\":\"https:\\\/\\\/terranovasteel.ca\\\/wpFrench\\\/quality-control\\\/#primaryimage\"},\"image\":{\"@id\":\"https:\\\/\\\/terranovasteel.ca\\\/wpFrench\\\/quality-control\\\/#primaryimage\"},\"thumbnailUrl\":\"https:\\\/\\\/terranovasteel.ca\\\/wpFrench\\\/wp-content\\\/uploads\\\/2024\\\/05\\\/CWBREG-English-ISO-9001_2015_BLACK.png\",\"datePublished\":\"2017-07-17T03:18:25+00:00\",\"dateModified\":\"2024-05-14T13:05:00+00:00\",\"breadcrumb\":{\"@id\":\"https:\\\/\\\/terranovasteel.ca\\\/wpFrench\\\/quality-control\\\/#breadcrumb\"},\"inLanguage\":\"en-US\",\"potentialAction\":[{\"@type\":\"ReadAction\",\"target\":[\"https:\\\/\\\/terranovasteel.ca\\\/wpFrench\\\/quality-control\\\/\"]}]},{\"@type\":\"ImageObject\",\"inLanguage\":\"en-US\",\"@id\":\"https:\\\/\\\/terranovasteel.ca\\\/wpFrench\\\/quality-control\\\/#primaryimage\",\"url\":\"https:\\\/\\\/terranovasteel.ca\\\/wpFrench\\\/wp-content\\\/uploads\\\/2024\\\/05\\\/CWBREG-English-ISO-9001_2015_BLACK.png\",\"contentUrl\":\"https:\\\/\\\/terranovasteel.ca\\\/wpFrench\\\/wp-content\\\/uploads\\\/2024\\\/05\\\/CWBREG-English-ISO-9001_2015_BLACK.png\",\"width\":991,\"height\":991,\"caption\":\"ISO 9001 : 2015 - CWB Registered logo\"},{\"@type\":\"BreadcrumbList\",\"@id\":\"https:\\\/\\\/terranovasteel.ca\\\/wpFrench\\\/quality-control\\\/#breadcrumb\",\"itemListElement\":[{\"@type\":\"ListItem\",\"position\":1,\"name\":\"Home\",\"item\":\"https:\\\/\\\/terranovasteel.ca\\\/wpFrench\\\/\"},{\"@type\":\"ListItem\",\"position\":2,\"name\":\"Quality Control\"}]},{\"@type\":\"WebSite\",\"@id\":\"https:\\\/\\\/terranovasteel.ca\\\/wpFrench\\\/#website\",\"url\":\"https:\\\/\\\/terranovasteel.ca\\\/wpFrench\\\/\",\"name\":\"Terra Nova Steel &amp; Iron Inc.\",\"description\":\"35 years supplying Canada with premium continuous cast iron bar and ductile iron bar\",\"publisher\":{\"@id\":\"https:\\\/\\\/terranovasteel.ca\\\/wpFrench\\\/#organization\"},\"potentialAction\":[{\"@type\":\"SearchAction\",\"target\":{\"@type\":\"EntryPoint\",\"urlTemplate\":\"https:\\\/\\\/terranovasteel.ca\\\/wpFrench\\\/?s={search_term_string}\"},\"query-input\":{\"@type\":\"PropertyValueSpecification\",\"valueRequired\":true,\"valueName\":\"search_term_string\"}}],\"inLanguage\":\"en-US\"},{\"@type\":\"Organization\",\"@id\":\"https:\\\/\\\/terranovasteel.ca\\\/wpFrench\\\/#organization\",\"name\":\"Terra Nova Steel & Iron\",\"url\":\"https:\\\/\\\/terranovasteel.ca\\\/wpFrench\\\/\",\"logo\":{\"@type\":\"ImageObject\",\"inLanguage\":\"en-US\",\"@id\":\"https:\\\/\\\/terranovasteel.ca\\\/wpFrench\\\/#\\\/schema\\\/logo\\\/image\\\/\",\"url\":\"https:\\\/\\\/terranovasteel.ca\\\/wpFrench\\\/wp-content\\\/uploads\\\/2018\\\/02\\\/Headaer-Logo-1.png\",\"contentUrl\":\"https:\\\/\\\/terranovasteel.ca\\\/wpFrench\\\/wp-content\\\/uploads\\\/2018\\\/02\\\/Headaer-Logo-1.png\",\"width\":2092,\"height\":411,\"caption\":\"Terra Nova Steel & Iron\"},\"image\":{\"@id\":\"https:\\\/\\\/terranovasteel.ca\\\/wpFrench\\\/#\\\/schema\\\/logo\\\/image\\\/\"},\"sameAs\":[\"https:\\\/\\\/www.linkedin.com\\\/company\\\/terra-nova-steel-iron-ontario-inc\\\/\"]}]}<\/script>\n<!-- \/ Yoast SEO plugin. -->","yoast_head_json":{"title":"Quality Control - Terra Nova Steel &amp; Iron Inc.","robots":{"index":"noindex","follow":"follow","max-snippet":"max-snippet:-1","max-image-preview":"max-image-preview:large","max-video-preview":"max-video-preview:-1"},"og_locale":"en_US","og_type":"article","og_title":"Quality Control - Terra Nova Steel &amp; Iron Inc.","og_description":"CONTR\u00d4LE DE QUALIT\u00c9 La r\u00e9putation pour la qualit\u00e9 et performance et consistence chez Terra Nova Steel &amp; Iron est soutenu avec notre enregistrement au strict standard du syst\u00e8me de qualit\u00e9 ISO 9001 : 2015. Reconnu \u00e0 travers le monde enregistrement ISO 9001 est votre assurance que tout va \u00eatre livrer comme promit \u00e0 tous les","og_url":"https:\/\/terranovasteel.ca\/wpFrench\/quality-control\/","og_site_name":"Terra Nova Steel &amp; Iron Inc.","article_modified_time":"2024-05-14T13:05:00+00:00","og_image":[{"url":"https:\/\/terranovasteel.ca\/wpFrench\/wp-content\/uploads\/2024\/05\/CWBREG-English-ISO-9001_2015_BLACK.png","type":"","width":"","height":""}],"twitter_card":"summary_large_image","twitter_misc":{"Est. reading time":"2 minutes"},"schema":{"@context":"https:\/\/schema.org","@graph":[{"@type":"WebPage","@id":"https:\/\/terranovasteel.ca\/wpFrench\/quality-control\/","url":"https:\/\/terranovasteel.ca\/wpFrench\/quality-control\/","name":"Quality Control - Terra Nova Steel &amp; Iron Inc.","isPartOf":{"@id":"https:\/\/terranovasteel.ca\/wpFrench\/#website"},"primaryImageOfPage":{"@id":"https:\/\/terranovasteel.ca\/wpFrench\/quality-control\/#primaryimage"},"image":{"@id":"https:\/\/terranovasteel.ca\/wpFrench\/quality-control\/#primaryimage"},"thumbnailUrl":"https:\/\/terranovasteel.ca\/wpFrench\/wp-content\/uploads\/2024\/05\/CWBREG-English-ISO-9001_2015_BLACK.png","datePublished":"2017-07-17T03:18:25+00:00","dateModified":"2024-05-14T13:05:00+00:00","breadcrumb":{"@id":"https:\/\/terranovasteel.ca\/wpFrench\/quality-control\/#breadcrumb"},"inLanguage":"en-US","potentialAction":[{"@type":"ReadAction","target":["https:\/\/terranovasteel.ca\/wpFrench\/quality-control\/"]}]},{"@type":"ImageObject","inLanguage":"en-US","@id":"https:\/\/terranovasteel.ca\/wpFrench\/quality-control\/#primaryimage","url":"https:\/\/terranovasteel.ca\/wpFrench\/wp-content\/uploads\/2024\/05\/CWBREG-English-ISO-9001_2015_BLACK.png","contentUrl":"https:\/\/terranovasteel.ca\/wpFrench\/wp-content\/uploads\/2024\/05\/CWBREG-English-ISO-9001_2015_BLACK.png","width":991,"height":991,"caption":"ISO 9001 : 2015 - CWB Registered logo"},{"@type":"BreadcrumbList","@id":"https:\/\/terranovasteel.ca\/wpFrench\/quality-control\/#breadcrumb","itemListElement":[{"@type":"ListItem","position":1,"name":"Home","item":"https:\/\/terranovasteel.ca\/wpFrench\/"},{"@type":"ListItem","position":2,"name":"Quality Control"}]},{"@type":"WebSite","@id":"https:\/\/terranovasteel.ca\/wpFrench\/#website","url":"https:\/\/terranovasteel.ca\/wpFrench\/","name":"Terra Nova Steel &amp; Iron Inc.","description":"35 years supplying Canada with premium continuous cast iron bar and ductile iron bar","publisher":{"@id":"https:\/\/terranovasteel.ca\/wpFrench\/#organization"},"potentialAction":[{"@type":"SearchAction","target":{"@type":"EntryPoint","urlTemplate":"https:\/\/terranovasteel.ca\/wpFrench\/?s={search_term_string}"},"query-input":{"@type":"PropertyValueSpecification","valueRequired":true,"valueName":"search_term_string"}}],"inLanguage":"en-US"},{"@type":"Organization","@id":"https:\/\/terranovasteel.ca\/wpFrench\/#organization","name":"Terra Nova Steel & Iron","url":"https:\/\/terranovasteel.ca\/wpFrench\/","logo":{"@type":"ImageObject","inLanguage":"en-US","@id":"https:\/\/terranovasteel.ca\/wpFrench\/#\/schema\/logo\/image\/","url":"https:\/\/terranovasteel.ca\/wpFrench\/wp-content\/uploads\/2018\/02\/Headaer-Logo-1.png","contentUrl":"https:\/\/terranovasteel.ca\/wpFrench\/wp-content\/uploads\/2018\/02\/Headaer-Logo-1.png","width":2092,"height":411,"caption":"Terra Nova Steel & Iron"},"image":{"@id":"https:\/\/terranovasteel.ca\/wpFrench\/#\/schema\/logo\/image\/"},"sameAs":["https:\/\/www.linkedin.com\/company\/terra-nova-steel-iron-ontario-inc\/"]}]}},"_links":{"self":[{"href":"https:\/\/terranovasteel.ca\/wpFrench\/wp-json\/wp\/v2\/pages\/413","targetHints":{"allow":["GET"]}}],"collection":[{"href":"https:\/\/terranovasteel.ca\/wpFrench\/wp-json\/wp\/v2\/pages"}],"about":[{"href":"https:\/\/terranovasteel.ca\/wpFrench\/wp-json\/wp\/v2\/types\/page"}],"author":[{"embeddable":true,"href":"https:\/\/terranovasteel.ca\/wpFrench\/wp-json\/wp\/v2\/users\/2"}],"replies":[{"embeddable":true,"href":"https:\/\/terranovasteel.ca\/wpFrench\/wp-json\/wp\/v2\/comments?post=413"}],"version-history":[{"count":0,"href":"https:\/\/terranovasteel.ca\/wpFrench\/wp-json\/wp\/v2\/pages\/413\/revisions"}],"wp:attachment":[{"href":"https:\/\/terranovasteel.ca\/wpFrench\/wp-json\/wp\/v2\/media?parent=413"}],"curies":[{"name":"wp","href":"https:\/\/api.w.org\/{rel}","templated":true}]}}