{"id":409,"date":"2017-07-17T03:17:57","date_gmt":"2017-07-17T03:17:57","guid":{"rendered":"http:\/\/dev.joomexp.com\/wordpress\/wp-juststartit\/?page_id=409"},"modified":"2023-09-12T20:26:03","modified_gmt":"2023-09-12T20:26:03","slug":"testimonials","status":"publish","type":"page","link":"https:\/\/terranovasteel.ca\/wpFrench\/testimonials\/","title":{"rendered":"Testimonials"},"content":{"rendered":"\t\t<div data-elementor-type=\"wp-page\" data-elementor-id=\"409\" class=\"elementor elementor-409\" data-elementor-post-type=\"page\">\n\t\t\t\t\t\t<main class=\"elementor-section elementor-top-section elementor-element elementor-element-40069bf6 elementor-section-full_width elementor-section-stretched elementor-section-height-default elementor-section-height-default\" data-id=\"40069bf6\" data-element_type=\"section\" data-e-type=\"section\" data-settings=\"{&quot;stretch_section&quot;:&quot;section-stretched&quot;,&quot;background_background&quot;:&quot;classic&quot;}\">\n\t\t\t\t\t\t\t<div class=\"elementor-background-overlay\"><\/div>\n\t\t\t\t\t\t\t<div class=\"elementor-container elementor-column-gap-default\">\n\t\t\t\t\t<div class=\"elementor-column elementor-col-100 elementor-top-column elementor-element elementor-element-c1b9efd\" data-id=\"c1b9efd\" data-element_type=\"column\" data-e-type=\"column\">\n\t\t\t<div class=\"elementor-widget-wrap elementor-element-populated\">\n\t\t\t\t\t\t<div class=\"elementor-element elementor-element-51cbea6 elementor-widget elementor-widget-spacer\" data-id=\"51cbea6\" data-element_type=\"widget\" data-e-type=\"widget\" data-widget_type=\"spacer.default\">\n\t\t\t\t<div class=\"elementor-widget-container\">\n\t\t\t\t\t\t\t<div class=\"elementor-spacer\">\n\t\t\t<div class=\"elementor-spacer-inner\"><\/div>\n\t\t<\/div>\n\t\t\t\t\t\t<\/div>\n\t\t\t\t<\/div>\n\t\t\t\t<section class=\"elementor-section elementor-inner-section elementor-element elementor-element-6c50aa5 elementor-section-boxed elementor-section-height-default elementor-section-height-default\" data-id=\"6c50aa5\" data-element_type=\"section\" data-e-type=\"section\">\n\t\t\t\t\t\t<div class=\"elementor-container elementor-column-gap-default\">\n\t\t\t\t\t<div class=\"elementor-column elementor-col-100 elementor-inner-column elementor-element elementor-element-02dabc2\" data-id=\"02dabc2\" data-element_type=\"column\" data-e-type=\"column\">\n\t\t\t<div class=\"elementor-widget-wrap elementor-element-populated\">\n\t\t\t\t\t\t<div class=\"elementor-element elementor-element-73981b7 elementor-widget elementor-widget-heading\" data-id=\"73981b7\" data-element_type=\"widget\" data-e-type=\"widget\" data-widget_type=\"heading.default\">\n\t\t\t\t<div class=\"elementor-widget-container\">\n\t\t\t\t\t<h2 class=\"elementor-heading-title elementor-size-default\">T\u00e9moignages<\/h2>\t\t\t\t<\/div>\n\t\t\t\t<\/div>\n\t\t\t\t<div class=\"elementor-element elementor-element-fab47d3 elementor-posts--align-center elementor-grid-3 elementor-grid-tablet-2 elementor-grid-mobile-1 elementor-posts--thumbnail-top elementor-posts--show-avatar elementor-card-shadow-yes elementor-posts__hover-gradient elementor-widget elementor-widget-posts\" data-id=\"fab47d3\" data-element_type=\"widget\" data-e-type=\"widget\" data-settings=\"{&quot;cards_columns&quot;:&quot;3&quot;,&quot;cards_columns_tablet&quot;:&quot;2&quot;,&quot;cards_columns_mobile&quot;:&quot;1&quot;,&quot;cards_row_gap&quot;:{&quot;unit&quot;:&quot;px&quot;,&quot;size&quot;:35,&quot;sizes&quot;:[]},&quot;cards_row_gap_tablet&quot;:{&quot;unit&quot;:&quot;px&quot;,&quot;size&quot;:&quot;&quot;,&quot;sizes&quot;:[]},&quot;cards_row_gap_mobile&quot;:{&quot;unit&quot;:&quot;px&quot;,&quot;size&quot;:&quot;&quot;,&quot;sizes&quot;:[]}}\" data-widget_type=\"posts.cards\">\n\t\t\t\t<div class=\"elementor-widget-container\">\n\t\t\t\t\t\t\t<div class=\"elementor-posts-container elementor-posts elementor-posts--skin-cards elementor-grid\" role=\"list\">\n\t\t\t\t<article class=\"elementor-post elementor-grid-item post-551 testimonial type-testimonial status-publish format-standard has-post-thumbnail hentry categories_testimonial-customer categories_testimonial-testimonial\" role=\"listitem\">\n\t\t\t<div class=\"elementor-post__card\">\n\t\t\t\t<a class=\"elementor-post__thumbnail__link\" href=\"https:\/\/terranovasteel.ca\/wpFrench\/testimonial\/standard-machine\/\" tabindex=\"-1\" ><div class=\"elementor-post__thumbnail\"><img decoding=\"async\" width=\"300\" height=\"75\" src=\"https:\/\/terranovasteel.ca\/wpFrench\/wp-content\/uploads\/2017\/07\/1004_StandardMachineManufacturing-300x75.jpg\" class=\"attachment-medium size-medium wp-image-1370\" alt=\"\" srcset=\"https:\/\/terranovasteel.ca\/wpFrench\/wp-content\/uploads\/2017\/07\/1004_StandardMachineManufacturing-300x75.jpg 300w, https:\/\/terranovasteel.ca\/wpFrench\/wp-content\/uploads\/2017\/07\/1004_StandardMachineManufacturing-370x93.jpg 370w, https:\/\/terranovasteel.ca\/wpFrench\/wp-content\/uploads\/2017\/07\/1004_StandardMachineManufacturing.jpg 400w\" sizes=\"(max-width: 300px) 100vw, 300px\" \/><\/div><\/a>\n\t\t\t\t<div class=\"elementor-post__avatar\">\n\t\t\t<img alt='Kerry Applin' src='https:\/\/secure.gravatar.com\/avatar\/6242a31f354207e80f887b81968acc5725ed3107d07231cceaa4507bdfb317ae?s=128&#038;d=mm&#038;r=g' srcset='https:\/\/secure.gravatar.com\/avatar\/6242a31f354207e80f887b81968acc5725ed3107d07231cceaa4507bdfb317ae?s=256&#038;d=mm&#038;r=g 2x' class='avatar avatar-128 photo' height='128' width='128' \/>\t\t<\/div>\n\t\t\t\t<div class=\"elementor-post__text\">\n\t\t\t\t<h3 class=\"elementor-post__title\">\n\t\t\t<a href=\"https:\/\/terranovasteel.ca\/wpFrench\/testimonial\/standard-machine\/\" >\n\t\t\t\tStandard Machine &#038; Manufacturing\t\t\t<\/a>\n\t\t<\/h3>\n\t\t\t\t<div class=\"elementor-post__excerpt\">\n\t\t\t<p>I was most impressed how excellent I was treated&#8230;<\/p>\n\t\t<\/div>\n\t\t\n\t\t<a class=\"elementor-post__read-more\" href=\"https:\/\/terranovasteel.ca\/wpFrench\/testimonial\/standard-machine\/\" aria-label=\"Read more about Standard Machine &#038; Manufacturing\" tabindex=\"-1\" >\n\t\t\tRead More \u00bb\t\t<\/a>\n\n\t\t\t\t<\/div>\n\t\t\t\t\t<\/div>\n\t\t<\/article>\n\t\t\t\t<article class=\"elementor-post elementor-grid-item post-550 testimonial type-testimonial status-publish format-standard has-post-thumbnail hentry categories_testimonial-customer\" role=\"listitem\">\n\t\t\t<div class=\"elementor-post__card\">\n\t\t\t\t<a class=\"elementor-post__thumbnail__link\" href=\"https:\/\/terranovasteel.ca\/wpFrench\/testimonial\/usinage-filiatrault\/\" tabindex=\"-1\" ><div class=\"elementor-post__thumbnail\"><img decoding=\"async\" width=\"263\" height=\"189\" src=\"https:\/\/terranovasteel.ca\/wpFrench\/wp-content\/uploads\/2017\/07\/UsinageFiliatrault.gif\" class=\"attachment-medium size-medium wp-image-1372\" alt=\"\" \/><\/div><\/a>\n\t\t\t\t<div class=\"elementor-post__avatar\">\n\t\t\t<img alt='Kerry Applin' src='https:\/\/secure.gravatar.com\/avatar\/6242a31f354207e80f887b81968acc5725ed3107d07231cceaa4507bdfb317ae?s=128&#038;d=mm&#038;r=g' srcset='https:\/\/secure.gravatar.com\/avatar\/6242a31f354207e80f887b81968acc5725ed3107d07231cceaa4507bdfb317ae?s=256&#038;d=mm&#038;r=g 2x' class='avatar avatar-128 photo' height='128' width='128' \/>\t\t<\/div>\n\t\t\t\t<div class=\"elementor-post__text\">\n\t\t\t\t<h3 class=\"elementor-post__title\">\n\t\t\t<a href=\"https:\/\/terranovasteel.ca\/wpFrench\/testimonial\/usinage-filiatrault\/\" >\n\t\t\t\tUsinage Filiatrault\t\t\t<\/a>\n\t\t<\/h3>\n\t\t\t\t<div class=\"elementor-post__excerpt\">\n\t\t\t<p>Le mat\u00e9riel est arriv\u00e9 comme pr\u00e9vu\u2026<\/p>\n\t\t<\/div>\n\t\t\n\t\t<a class=\"elementor-post__read-more\" href=\"https:\/\/terranovasteel.ca\/wpFrench\/testimonial\/usinage-filiatrault\/\" aria-label=\"Read more about Usinage Filiatrault\" tabindex=\"-1\" >\n\t\t\tRead More \u00bb\t\t<\/a>\n\n\t\t\t\t<\/div>\n\t\t\t\t\t<\/div>\n\t\t<\/article>\n\t\t\t\t<\/div>\n\t\t\n\t\t\t\t\t\t<\/div>\n\t\t\t\t<\/div>\n\t\t\t\t\t<\/div>\n\t\t<\/div>\n\t\t\t\t\t<\/div>\n\t\t<\/section>\n\t\t\t\t\t<\/div>\n\t\t<\/div>\n\t\t\t\t\t<\/div>\n\t\t<\/main>\n\t\t\t\t<\/div>\n\t\t","protected":false},"excerpt":{"rendered":"<p>T\u00e9moignages<\/p>\n","protected":false},"author":2,"featured_media":0,"parent":0,"menu_order":0,"comment_status":"closed","ping_status":"closed","template":"","meta":{"footnotes":""},"class_list":["post-409","page","type-page","status-publish","hentry"],"yoast_head":"<!-- This site is optimized with the Yoast SEO plugin v27.3 - https:\/\/yoast.com\/product\/yoast-seo-wordpress\/ -->\n<title>Testimonials - Terra Nova Steel &amp; Iron Inc.<\/title>\n<meta name=\"robots\" content=\"noindex, follow, max-snippet:-1, max-image-preview:large, max-video-preview:-1\" \/>\n<meta property=\"og:locale\" content=\"en_US\" \/>\n<meta property=\"og:type\" content=\"article\" \/>\n<meta property=\"og:title\" content=\"Testimonials - Terra Nova Steel &amp; Iron Inc.\" \/>\n<meta property=\"og:description\" content=\"T\u00e9moignages\" \/>\n<meta property=\"og:url\" content=\"https:\/\/terranovasteel.ca\/wpFrench\/testimonials\/\" \/>\n<meta property=\"og:site_name\" content=\"Terra Nova Steel &amp; Iron Inc.\" \/>\n<meta property=\"article:modified_time\" content=\"2023-09-12T20:26:03+00:00\" \/>\n<meta name=\"twitter:card\" content=\"summary_large_image\" \/>\n<meta name=\"twitter:label1\" content=\"Est. reading time\" \/>\n\t<meta name=\"twitter:data1\" content=\"1 minute\" \/>\n<script type=\"application\/ld+json\" class=\"yoast-schema-graph\">{\"@context\":\"https:\\\/\\\/schema.org\",\"@graph\":[{\"@type\":\"WebPage\",\"@id\":\"https:\\\/\\\/terranovasteel.ca\\\/wpFrench\\\/testimonials\\\/\",\"url\":\"https:\\\/\\\/terranovasteel.ca\\\/wpFrench\\\/testimonials\\\/\",\"name\":\"Testimonials - Terra Nova Steel &amp; Iron Inc.\",\"isPartOf\":{\"@id\":\"https:\\\/\\\/terranovasteel.ca\\\/wpFrench\\\/#website\"},\"datePublished\":\"2017-07-17T03:17:57+00:00\",\"dateModified\":\"2023-09-12T20:26:03+00:00\",\"breadcrumb\":{\"@id\":\"https:\\\/\\\/terranovasteel.ca\\\/wpFrench\\\/testimonials\\\/#breadcrumb\"},\"inLanguage\":\"en-US\",\"potentialAction\":[{\"@type\":\"ReadAction\",\"target\":[\"https:\\\/\\\/terranovasteel.ca\\\/wpFrench\\\/testimonials\\\/\"]}]},{\"@type\":\"BreadcrumbList\",\"@id\":\"https:\\\/\\\/terranovasteel.ca\\\/wpFrench\\\/testimonials\\\/#breadcrumb\",\"itemListElement\":[{\"@type\":\"ListItem\",\"position\":1,\"name\":\"Home\",\"item\":\"https:\\\/\\\/terranovasteel.ca\\\/wpFrench\\\/\"},{\"@type\":\"ListItem\",\"position\":2,\"name\":\"Testimonials\"}]},{\"@type\":\"WebSite\",\"@id\":\"https:\\\/\\\/terranovasteel.ca\\\/wpFrench\\\/#website\",\"url\":\"https:\\\/\\\/terranovasteel.ca\\\/wpFrench\\\/\",\"name\":\"Terra Nova Steel &amp; Iron Inc.\",\"description\":\"35 years supplying Canada with premium continuous cast iron bar and ductile iron bar\",\"publisher\":{\"@id\":\"https:\\\/\\\/terranovasteel.ca\\\/wpFrench\\\/#organization\"},\"potentialAction\":[{\"@type\":\"SearchAction\",\"target\":{\"@type\":\"EntryPoint\",\"urlTemplate\":\"https:\\\/\\\/terranovasteel.ca\\\/wpFrench\\\/?s={search_term_string}\"},\"query-input\":{\"@type\":\"PropertyValueSpecification\",\"valueRequired\":true,\"valueName\":\"search_term_string\"}}],\"inLanguage\":\"en-US\"},{\"@type\":\"Organization\",\"@id\":\"https:\\\/\\\/terranovasteel.ca\\\/wpFrench\\\/#organization\",\"name\":\"Terra Nova Steel & Iron\",\"url\":\"https:\\\/\\\/terranovasteel.ca\\\/wpFrench\\\/\",\"logo\":{\"@type\":\"ImageObject\",\"inLanguage\":\"en-US\",\"@id\":\"https:\\\/\\\/terranovasteel.ca\\\/wpFrench\\\/#\\\/schema\\\/logo\\\/image\\\/\",\"url\":\"https:\\\/\\\/terranovasteel.ca\\\/wpFrench\\\/wp-content\\\/uploads\\\/2018\\\/02\\\/Headaer-Logo-1.png\",\"contentUrl\":\"https:\\\/\\\/terranovasteel.ca\\\/wpFrench\\\/wp-content\\\/uploads\\\/2018\\\/02\\\/Headaer-Logo-1.png\",\"width\":2092,\"height\":411,\"caption\":\"Terra Nova Steel & Iron\"},\"image\":{\"@id\":\"https:\\\/\\\/terranovasteel.ca\\\/wpFrench\\\/#\\\/schema\\\/logo\\\/image\\\/\"},\"sameAs\":[\"https:\\\/\\\/www.linkedin.com\\\/company\\\/terra-nova-steel-iron-ontario-inc\\\/\"]}]}<\/script>\n<!-- \/ Yoast SEO plugin. -->","yoast_head_json":{"title":"Testimonials - Terra Nova Steel &amp; Iron Inc.","robots":{"index":"noindex","follow":"follow","max-snippet":"max-snippet:-1","max-image-preview":"max-image-preview:large","max-video-preview":"max-video-preview:-1"},"og_locale":"en_US","og_type":"article","og_title":"Testimonials - Terra Nova Steel &amp; Iron Inc.","og_description":"T\u00e9moignages","og_url":"https:\/\/terranovasteel.ca\/wpFrench\/testimonials\/","og_site_name":"Terra Nova Steel &amp; Iron Inc.","article_modified_time":"2023-09-12T20:26:03+00:00","twitter_card":"summary_large_image","twitter_misc":{"Est. reading time":"1 minute"},"schema":{"@context":"https:\/\/schema.org","@graph":[{"@type":"WebPage","@id":"https:\/\/terranovasteel.ca\/wpFrench\/testimonials\/","url":"https:\/\/terranovasteel.ca\/wpFrench\/testimonials\/","name":"Testimonials - Terra Nova Steel &amp; Iron Inc.","isPartOf":{"@id":"https:\/\/terranovasteel.ca\/wpFrench\/#website"},"datePublished":"2017-07-17T03:17:57+00:00","dateModified":"2023-09-12T20:26:03+00:00","breadcrumb":{"@id":"https:\/\/terranovasteel.ca\/wpFrench\/testimonials\/#breadcrumb"},"inLanguage":"en-US","potentialAction":[{"@type":"ReadAction","target":["https:\/\/terranovasteel.ca\/wpFrench\/testimonials\/"]}]},{"@type":"BreadcrumbList","@id":"https:\/\/terranovasteel.ca\/wpFrench\/testimonials\/#breadcrumb","itemListElement":[{"@type":"ListItem","position":1,"name":"Home","item":"https:\/\/terranovasteel.ca\/wpFrench\/"},{"@type":"ListItem","position":2,"name":"Testimonials"}]},{"@type":"WebSite","@id":"https:\/\/terranovasteel.ca\/wpFrench\/#website","url":"https:\/\/terranovasteel.ca\/wpFrench\/","name":"Terra Nova Steel &amp; Iron Inc.","description":"35 years supplying Canada with premium continuous cast iron bar and ductile iron bar","publisher":{"@id":"https:\/\/terranovasteel.ca\/wpFrench\/#organization"},"potentialAction":[{"@type":"SearchAction","target":{"@type":"EntryPoint","urlTemplate":"https:\/\/terranovasteel.ca\/wpFrench\/?s={search_term_string}"},"query-input":{"@type":"PropertyValueSpecification","valueRequired":true,"valueName":"search_term_string"}}],"inLanguage":"en-US"},{"@type":"Organization","@id":"https:\/\/terranovasteel.ca\/wpFrench\/#organization","name":"Terra Nova Steel & Iron","url":"https:\/\/terranovasteel.ca\/wpFrench\/","logo":{"@type":"ImageObject","inLanguage":"en-US","@id":"https:\/\/terranovasteel.ca\/wpFrench\/#\/schema\/logo\/image\/","url":"https:\/\/terranovasteel.ca\/wpFrench\/wp-content\/uploads\/2018\/02\/Headaer-Logo-1.png","contentUrl":"https:\/\/terranovasteel.ca\/wpFrench\/wp-content\/uploads\/2018\/02\/Headaer-Logo-1.png","width":2092,"height":411,"caption":"Terra Nova Steel & Iron"},"image":{"@id":"https:\/\/terranovasteel.ca\/wpFrench\/#\/schema\/logo\/image\/"},"sameAs":["https:\/\/www.linkedin.com\/company\/terra-nova-steel-iron-ontario-inc\/"]}]}},"_links":{"self":[{"href":"https:\/\/terranovasteel.ca\/wpFrench\/wp-json\/wp\/v2\/pages\/409","targetHints":{"allow":["GET"]}}],"collection":[{"href":"https:\/\/terranovasteel.ca\/wpFrench\/wp-json\/wp\/v2\/pages"}],"about":[{"href":"https:\/\/terranovasteel.ca\/wpFrench\/wp-json\/wp\/v2\/types\/page"}],"author":[{"embeddable":true,"href":"https:\/\/terranovasteel.ca\/wpFrench\/wp-json\/wp\/v2\/users\/2"}],"replies":[{"embeddable":true,"href":"https:\/\/terranovasteel.ca\/wpFrench\/wp-json\/wp\/v2\/comments?post=409"}],"version-history":[{"count":0,"href":"https:\/\/terranovasteel.ca\/wpFrench\/wp-json\/wp\/v2\/pages\/409\/revisions"}],"wp:attachment":[{"href":"https:\/\/terranovasteel.ca\/wpFrench\/wp-json\/wp\/v2\/media?parent=409"}],"curies":[{"name":"wp","href":"https:\/\/api.w.org\/{rel}","templated":true}]}}