{"id":1289,"date":"2017-06-17T03:16:23","date_gmt":"2017-06-17T03:16:23","guid":{"rendered":"http:\/\/dev.joomexp.com\/wordpress\/wp-juststartit\/?page_id=2"},"modified":"2023-08-15T15:13:41","modified_gmt":"2023-08-15T15:13:41","slug":"sellsheets","status":"publish","type":"page","link":"https:\/\/terranovasteel.ca\/wpFrench\/sellsheets\/","title":{"rendered":"Sell Sheets"},"content":{"rendered":"\t\t<div data-elementor-type=\"wp-post\" data-elementor-id=\"1289\" class=\"elementor elementor-1289\" data-elementor-post-type=\"page\">\n\t\t\t\t\t\t<section class=\"elementor-section elementor-top-section elementor-element elementor-element-9f7d9c3 elementor-section-boxed elementor-section-height-default elementor-section-height-default\" data-id=\"9f7d9c3\" data-element_type=\"section\" data-e-type=\"section\">\n\t\t\t\t\t\t<div class=\"elementor-container elementor-column-gap-default\">\n\t\t\t\t\t<div class=\"elementor-column elementor-col-100 elementor-top-column elementor-element elementor-element-60594b6\" data-id=\"60594b6\" data-element_type=\"column\" data-e-type=\"column\">\n\t\t\t<div class=\"elementor-widget-wrap elementor-element-populated\">\n\t\t\t\t\t\t<div class=\"elementor-element elementor-element-9bcee79 elementor-widget elementor-widget-text-editor\" data-id=\"9bcee79\" data-element_type=\"widget\" data-e-type=\"widget\" data-widget_type=\"text-editor.default\">\n\t\t\t\t<div class=\"elementor-widget-container\">\n\t\t\t\t\t\t\t\t\t<p>Pour t\u00e9l\u00e9charger la version haute r\u00e9solution de notre brochure et fiche de vente, cliquez sur l&#8217;image ci-dessous.<\/p>\t\t\t\t\t\t\t\t<\/div>\n\t\t\t\t<\/div>\n\t\t\t\t\t<\/div>\n\t\t<\/div>\n\t\t\t\t\t<\/div>\n\t\t<\/section>\n\t\t\t\t<section class=\"elementor-section elementor-top-section elementor-element elementor-element-76c6838 elementor-section-boxed elementor-section-height-default elementor-section-height-default\" data-id=\"76c6838\" data-element_type=\"section\" data-e-type=\"section\">\n\t\t\t\t\t\t<div class=\"elementor-container elementor-column-gap-default\">\n\t\t\t\t\t<div class=\"elementor-column elementor-col-100 elementor-top-column elementor-element elementor-element-f749695\" data-id=\"f749695\" data-element_type=\"column\" data-e-type=\"column\">\n\t\t\t<div class=\"elementor-widget-wrap elementor-element-populated\">\n\t\t\t\t\t\t<section class=\"elementor-section elementor-inner-section elementor-element elementor-element-22b2803 elementor-section-boxed elementor-section-height-default elementor-section-height-default\" data-id=\"22b2803\" data-element_type=\"section\" data-e-type=\"section\">\n\t\t\t\t\t\t<div class=\"elementor-container elementor-column-gap-default\">\n\t\t\t\t\t<div class=\"elementor-column elementor-col-50 elementor-inner-column elementor-element elementor-element-392dcce\" data-id=\"392dcce\" data-element_type=\"column\" data-e-type=\"column\">\n\t\t\t<div class=\"elementor-widget-wrap elementor-element-populated\">\n\t\t\t\t\t\t<div class=\"elementor-element elementor-element-c8526cf elementor-widget elementor-widget-image\" data-id=\"c8526cf\" data-element_type=\"widget\" data-e-type=\"widget\" data-widget_type=\"image.default\">\n\t\t\t\t<div class=\"elementor-widget-container\">\n\t\t\t\t\t\t\t\t\t\t\t\t\t\t\t\t<a href=\"https:\/\/terranovasteel.ca\/wpFrench\/wp-content\/uploads\/2023\/08\/TSI_Brochure_ENG.pdf\" target=\"_blank\">\n\t\t\t\t\t\t\t<img fetchpriority=\"high\" decoding=\"async\" width=\"232\" height=\"300\" src=\"https:\/\/terranovasteel.ca\/wpFrench\/wp-content\/uploads\/2023\/02\/BrochureCover-232x300.jpg\" class=\"attachment-medium size-medium wp-image-7476\" alt=\"TSI Brochure Cover\" srcset=\"https:\/\/terranovasteel.ca\/wpFrench\/wp-content\/uploads\/2023\/02\/BrochureCover-232x300.jpg 232w, https:\/\/terranovasteel.ca\/wpFrench\/wp-content\/uploads\/2023\/02\/BrochureCover-792x1024.jpg 792w, https:\/\/terranovasteel.ca\/wpFrench\/wp-content\/uploads\/2023\/02\/BrochureCover-768x993.jpg 768w, https:\/\/terranovasteel.ca\/wpFrench\/wp-content\/uploads\/2023\/02\/BrochureCover-624x807.jpg 624w, https:\/\/terranovasteel.ca\/wpFrench\/wp-content\/uploads\/2023\/02\/BrochureCover-370x479.jpg 370w, https:\/\/terranovasteel.ca\/wpFrench\/wp-content\/uploads\/2023\/02\/BrochureCover.jpg 835w\" sizes=\"(max-width: 232px) 100vw, 232px\" \/>\t\t\t\t\t\t\t\t<\/a>\n\t\t\t\t\t\t\t\t\t\t\t\t\t\t\t<\/div>\n\t\t\t\t<\/div>\n\t\t\t\t<div class=\"elementor-element elementor-element-643ccc3 elementor-widget elementor-widget-text-editor\" data-id=\"643ccc3\" data-element_type=\"widget\" data-e-type=\"widget\" data-widget_type=\"text-editor.default\">\n\t\t\t\t<div class=\"elementor-widget-container\">\n\t\t\t\t\t\t\t\t\t<p>Anglais<\/p>\t\t\t\t\t\t\t\t<\/div>\n\t\t\t\t<\/div>\n\t\t\t\t\t<\/div>\n\t\t<\/div>\n\t\t\t\t<div class=\"elementor-column elementor-col-50 elementor-inner-column elementor-element elementor-element-8af220f\" data-id=\"8af220f\" data-element_type=\"column\" data-e-type=\"column\">\n\t\t\t<div class=\"elementor-widget-wrap elementor-element-populated\">\n\t\t\t\t\t\t<div class=\"elementor-element elementor-element-894beee elementor-widget elementor-widget-image\" data-id=\"894beee\" data-element_type=\"widget\" data-e-type=\"widget\" data-widget_type=\"image.default\">\n\t\t\t\t<div class=\"elementor-widget-container\">\n\t\t\t\t\t\t\t\t\t\t\t\t\t\t\t\t<a href=\"https:\/\/terranovasteel.ca\/wpFrench\/wp-content\/uploads\/2023\/08\/TSI_Brochure_FRE.pdf\" target=\"_blank\">\n\t\t\t\t\t\t\t<img decoding=\"async\" width=\"232\" height=\"300\" src=\"https:\/\/terranovasteel.ca\/wpFrench\/wp-content\/uploads\/2023\/04\/BrochureCover_FRE-232x300.jpg\" class=\"attachment-medium size-medium wp-image-7591\" alt=\"TSI Brochure Cover\" srcset=\"https:\/\/terranovasteel.ca\/wpFrench\/wp-content\/uploads\/2023\/04\/BrochureCover_FRE-232x300.jpg 232w, https:\/\/terranovasteel.ca\/wpFrench\/wp-content\/uploads\/2023\/04\/BrochureCover_FRE-792x1024.jpg 792w, https:\/\/terranovasteel.ca\/wpFrench\/wp-content\/uploads\/2023\/04\/BrochureCover_FRE-768x993.jpg 768w, https:\/\/terranovasteel.ca\/wpFrench\/wp-content\/uploads\/2023\/04\/BrochureCover_FRE-624x807.jpg 624w, https:\/\/terranovasteel.ca\/wpFrench\/wp-content\/uploads\/2023\/04\/BrochureCover_FRE-370x479.jpg 370w, https:\/\/terranovasteel.ca\/wpFrench\/wp-content\/uploads\/2023\/04\/BrochureCover_FRE.jpg 835w\" sizes=\"(max-width: 232px) 100vw, 232px\" \/>\t\t\t\t\t\t\t\t<\/a>\n\t\t\t\t\t\t\t\t\t\t\t\t\t\t\t<\/div>\n\t\t\t\t<\/div>\n\t\t\t\t<div class=\"elementor-element elementor-element-c8addf5 elementor-widget elementor-widget-text-editor\" data-id=\"c8addf5\" data-element_type=\"widget\" data-e-type=\"widget\" data-widget_type=\"text-editor.default\">\n\t\t\t\t<div class=\"elementor-widget-container\">\n\t\t\t\t\t\t\t\t\t<p>Fran\u00e7ais<\/p>\t\t\t\t\t\t\t\t<\/div>\n\t\t\t\t<\/div>\n\t\t\t\t\t<\/div>\n\t\t<\/div>\n\t\t\t\t\t<\/div>\n\t\t<\/section>\n\t\t\t\t\t<\/div>\n\t\t<\/div>\n\t\t\t\t\t<\/div>\n\t\t<\/section>\n\t\t\t\t<\/div>\n\t\t","protected":false},"excerpt":{"rendered":"<p>Pour t\u00e9l\u00e9charger la version haute r\u00e9solution de notre brochure et fiche de vente, cliquez sur l&#8217;image ci-dessous. Anglais Fran\u00e7ais<\/p>\n","protected":false},"author":3,"featured_media":0,"parent":0,"menu_order":0,"comment_status":"closed","ping_status":"open","template":"","meta":{"footnotes":""},"class_list":["post-1289","page","type-page","status-publish","hentry"],"yoast_head":"<!-- This site is optimized with the Yoast SEO plugin v27.3 - https:\/\/yoast.com\/product\/yoast-seo-wordpress\/ -->\n<title>Sell Sheets - Terra Nova Steel &amp; Iron Inc.<\/title>\n<meta name=\"robots\" content=\"noindex, follow, max-snippet:-1, max-image-preview:large, max-video-preview:-1\" \/>\n<meta property=\"og:locale\" content=\"en_US\" \/>\n<meta property=\"og:type\" content=\"article\" \/>\n<meta property=\"og:title\" content=\"Sell Sheets - Terra Nova Steel &amp; Iron Inc.\" \/>\n<meta property=\"og:description\" content=\"Pour t\u00e9l\u00e9charger la version haute r\u00e9solution de notre brochure et fiche de vente, cliquez sur l&#8217;image ci-dessous. Anglais Fran\u00e7ais\" \/>\n<meta property=\"og:url\" content=\"https:\/\/terranovasteel.ca\/wpFrench\/sellsheets\/\" \/>\n<meta property=\"og:site_name\" content=\"Terra Nova Steel &amp; Iron Inc.\" \/>\n<meta property=\"article:modified_time\" content=\"2023-08-15T15:13:41+00:00\" \/>\n<meta property=\"og:image\" content=\"https:\/\/terranovasteel.ca\/wpFrench\/wp-content\/uploads\/2023\/02\/BrochureCover-232x300.jpg\" \/>\n<meta name=\"twitter:card\" content=\"summary_large_image\" \/>\n<meta name=\"twitter:label1\" content=\"Est. reading time\" \/>\n\t<meta name=\"twitter:data1\" content=\"1 minute\" \/>\n<script type=\"application\/ld+json\" class=\"yoast-schema-graph\">{\"@context\":\"https:\\\/\\\/schema.org\",\"@graph\":[{\"@type\":\"WebPage\",\"@id\":\"https:\\\/\\\/terranovasteel.ca\\\/wpFrench\\\/sellsheets\\\/\",\"url\":\"https:\\\/\\\/terranovasteel.ca\\\/wpFrench\\\/sellsheets\\\/\",\"name\":\"Sell Sheets - Terra Nova Steel &amp; Iron Inc.\",\"isPartOf\":{\"@id\":\"https:\\\/\\\/terranovasteel.ca\\\/wpFrench\\\/#website\"},\"primaryImageOfPage\":{\"@id\":\"https:\\\/\\\/terranovasteel.ca\\\/wpFrench\\\/sellsheets\\\/#primaryimage\"},\"image\":{\"@id\":\"https:\\\/\\\/terranovasteel.ca\\\/wpFrench\\\/sellsheets\\\/#primaryimage\"},\"thumbnailUrl\":\"https:\\\/\\\/terranovasteel.ca\\\/wpFrench\\\/wp-content\\\/uploads\\\/2023\\\/02\\\/BrochureCover-232x300.jpg\",\"datePublished\":\"2017-06-17T03:16:23+00:00\",\"dateModified\":\"2023-08-15T15:13:41+00:00\",\"breadcrumb\":{\"@id\":\"https:\\\/\\\/terranovasteel.ca\\\/wpFrench\\\/sellsheets\\\/#breadcrumb\"},\"inLanguage\":\"en-US\",\"potentialAction\":[{\"@type\":\"ReadAction\",\"target\":[\"https:\\\/\\\/terranovasteel.ca\\\/wpFrench\\\/sellsheets\\\/\"]}]},{\"@type\":\"ImageObject\",\"inLanguage\":\"en-US\",\"@id\":\"https:\\\/\\\/terranovasteel.ca\\\/wpFrench\\\/sellsheets\\\/#primaryimage\",\"url\":\"https:\\\/\\\/terranovasteel.ca\\\/wpFrench\\\/wp-content\\\/uploads\\\/2023\\\/02\\\/BrochureCover.jpg\",\"contentUrl\":\"https:\\\/\\\/terranovasteel.ca\\\/wpFrench\\\/wp-content\\\/uploads\\\/2023\\\/02\\\/BrochureCover.jpg\",\"width\":835,\"height\":1080,\"caption\":\"TSI Brochure Cover\"},{\"@type\":\"BreadcrumbList\",\"@id\":\"https:\\\/\\\/terranovasteel.ca\\\/wpFrench\\\/sellsheets\\\/#breadcrumb\",\"itemListElement\":[{\"@type\":\"ListItem\",\"position\":1,\"name\":\"Home\",\"item\":\"https:\\\/\\\/terranovasteel.ca\\\/wpFrench\\\/\"},{\"@type\":\"ListItem\",\"position\":2,\"name\":\"Sell Sheets\"}]},{\"@type\":\"WebSite\",\"@id\":\"https:\\\/\\\/terranovasteel.ca\\\/wpFrench\\\/#website\",\"url\":\"https:\\\/\\\/terranovasteel.ca\\\/wpFrench\\\/\",\"name\":\"Terra Nova Steel &amp; Iron Inc.\",\"description\":\"35 years supplying Canada with premium continuous cast iron bar and ductile iron bar\",\"publisher\":{\"@id\":\"https:\\\/\\\/terranovasteel.ca\\\/wpFrench\\\/#organization\"},\"potentialAction\":[{\"@type\":\"SearchAction\",\"target\":{\"@type\":\"EntryPoint\",\"urlTemplate\":\"https:\\\/\\\/terranovasteel.ca\\\/wpFrench\\\/?s={search_term_string}\"},\"query-input\":{\"@type\":\"PropertyValueSpecification\",\"valueRequired\":true,\"valueName\":\"search_term_string\"}}],\"inLanguage\":\"en-US\"},{\"@type\":\"Organization\",\"@id\":\"https:\\\/\\\/terranovasteel.ca\\\/wpFrench\\\/#organization\",\"name\":\"Terra Nova Steel & Iron\",\"url\":\"https:\\\/\\\/terranovasteel.ca\\\/wpFrench\\\/\",\"logo\":{\"@type\":\"ImageObject\",\"inLanguage\":\"en-US\",\"@id\":\"https:\\\/\\\/terranovasteel.ca\\\/wpFrench\\\/#\\\/schema\\\/logo\\\/image\\\/\",\"url\":\"https:\\\/\\\/terranovasteel.ca\\\/wpFrench\\\/wp-content\\\/uploads\\\/2018\\\/02\\\/Headaer-Logo-1.png\",\"contentUrl\":\"https:\\\/\\\/terranovasteel.ca\\\/wpFrench\\\/wp-content\\\/uploads\\\/2018\\\/02\\\/Headaer-Logo-1.png\",\"width\":2092,\"height\":411,\"caption\":\"Terra Nova Steel & Iron\"},\"image\":{\"@id\":\"https:\\\/\\\/terranovasteel.ca\\\/wpFrench\\\/#\\\/schema\\\/logo\\\/image\\\/\"},\"sameAs\":[\"https:\\\/\\\/www.linkedin.com\\\/company\\\/terra-nova-steel-iron-ontario-inc\\\/\"]}]}<\/script>\n<!-- \/ Yoast SEO plugin. -->","yoast_head_json":{"title":"Sell Sheets - Terra Nova Steel &amp; Iron Inc.","robots":{"index":"noindex","follow":"follow","max-snippet":"max-snippet:-1","max-image-preview":"max-image-preview:large","max-video-preview":"max-video-preview:-1"},"og_locale":"en_US","og_type":"article","og_title":"Sell Sheets - Terra Nova Steel &amp; Iron Inc.","og_description":"Pour t\u00e9l\u00e9charger la version haute r\u00e9solution de notre brochure et fiche de vente, cliquez sur l&#8217;image ci-dessous. Anglais Fran\u00e7ais","og_url":"https:\/\/terranovasteel.ca\/wpFrench\/sellsheets\/","og_site_name":"Terra Nova Steel &amp; Iron Inc.","article_modified_time":"2023-08-15T15:13:41+00:00","og_image":[{"url":"https:\/\/terranovasteel.ca\/wpFrench\/wp-content\/uploads\/2023\/02\/BrochureCover-232x300.jpg","type":"","width":"","height":""}],"twitter_card":"summary_large_image","twitter_misc":{"Est. reading time":"1 minute"},"schema":{"@context":"https:\/\/schema.org","@graph":[{"@type":"WebPage","@id":"https:\/\/terranovasteel.ca\/wpFrench\/sellsheets\/","url":"https:\/\/terranovasteel.ca\/wpFrench\/sellsheets\/","name":"Sell Sheets - Terra Nova Steel &amp; Iron Inc.","isPartOf":{"@id":"https:\/\/terranovasteel.ca\/wpFrench\/#website"},"primaryImageOfPage":{"@id":"https:\/\/terranovasteel.ca\/wpFrench\/sellsheets\/#primaryimage"},"image":{"@id":"https:\/\/terranovasteel.ca\/wpFrench\/sellsheets\/#primaryimage"},"thumbnailUrl":"https:\/\/terranovasteel.ca\/wpFrench\/wp-content\/uploads\/2023\/02\/BrochureCover-232x300.jpg","datePublished":"2017-06-17T03:16:23+00:00","dateModified":"2023-08-15T15:13:41+00:00","breadcrumb":{"@id":"https:\/\/terranovasteel.ca\/wpFrench\/sellsheets\/#breadcrumb"},"inLanguage":"en-US","potentialAction":[{"@type":"ReadAction","target":["https:\/\/terranovasteel.ca\/wpFrench\/sellsheets\/"]}]},{"@type":"ImageObject","inLanguage":"en-US","@id":"https:\/\/terranovasteel.ca\/wpFrench\/sellsheets\/#primaryimage","url":"https:\/\/terranovasteel.ca\/wpFrench\/wp-content\/uploads\/2023\/02\/BrochureCover.jpg","contentUrl":"https:\/\/terranovasteel.ca\/wpFrench\/wp-content\/uploads\/2023\/02\/BrochureCover.jpg","width":835,"height":1080,"caption":"TSI Brochure Cover"},{"@type":"BreadcrumbList","@id":"https:\/\/terranovasteel.ca\/wpFrench\/sellsheets\/#breadcrumb","itemListElement":[{"@type":"ListItem","position":1,"name":"Home","item":"https:\/\/terranovasteel.ca\/wpFrench\/"},{"@type":"ListItem","position":2,"name":"Sell Sheets"}]},{"@type":"WebSite","@id":"https:\/\/terranovasteel.ca\/wpFrench\/#website","url":"https:\/\/terranovasteel.ca\/wpFrench\/","name":"Terra Nova Steel &amp; Iron Inc.","description":"35 years supplying Canada with premium continuous cast iron bar and ductile iron bar","publisher":{"@id":"https:\/\/terranovasteel.ca\/wpFrench\/#organization"},"potentialAction":[{"@type":"SearchAction","target":{"@type":"EntryPoint","urlTemplate":"https:\/\/terranovasteel.ca\/wpFrench\/?s={search_term_string}"},"query-input":{"@type":"PropertyValueSpecification","valueRequired":true,"valueName":"search_term_string"}}],"inLanguage":"en-US"},{"@type":"Organization","@id":"https:\/\/terranovasteel.ca\/wpFrench\/#organization","name":"Terra Nova Steel & Iron","url":"https:\/\/terranovasteel.ca\/wpFrench\/","logo":{"@type":"ImageObject","inLanguage":"en-US","@id":"https:\/\/terranovasteel.ca\/wpFrench\/#\/schema\/logo\/image\/","url":"https:\/\/terranovasteel.ca\/wpFrench\/wp-content\/uploads\/2018\/02\/Headaer-Logo-1.png","contentUrl":"https:\/\/terranovasteel.ca\/wpFrench\/wp-content\/uploads\/2018\/02\/Headaer-Logo-1.png","width":2092,"height":411,"caption":"Terra Nova Steel & Iron"},"image":{"@id":"https:\/\/terranovasteel.ca\/wpFrench\/#\/schema\/logo\/image\/"},"sameAs":["https:\/\/www.linkedin.com\/company\/terra-nova-steel-iron-ontario-inc\/"]}]}},"_links":{"self":[{"href":"https:\/\/terranovasteel.ca\/wpFrench\/wp-json\/wp\/v2\/pages\/1289","targetHints":{"allow":["GET"]}}],"collection":[{"href":"https:\/\/terranovasteel.ca\/wpFrench\/wp-json\/wp\/v2\/pages"}],"about":[{"href":"https:\/\/terranovasteel.ca\/wpFrench\/wp-json\/wp\/v2\/types\/page"}],"author":[{"embeddable":true,"href":"https:\/\/terranovasteel.ca\/wpFrench\/wp-json\/wp\/v2\/users\/3"}],"replies":[{"embeddable":true,"href":"https:\/\/terranovasteel.ca\/wpFrench\/wp-json\/wp\/v2\/comments?post=1289"}],"version-history":[{"count":0,"href":"https:\/\/terranovasteel.ca\/wpFrench\/wp-json\/wp\/v2\/pages\/1289\/revisions"}],"wp:attachment":[{"href":"https:\/\/terranovasteel.ca\/wpFrench\/wp-json\/wp\/v2\/media?parent=1289"}],"curies":[{"name":"wp","href":"https:\/\/api.w.org\/{rel}","templated":true}]}}